{"id":1233,"date":"2026-04-13T23:40:40","date_gmt":"2026-04-13T23:40:40","guid":{"rendered":"https:\/\/www.epitelia.mx\/?page_id=1233"},"modified":"2026-04-14T00:00:10","modified_gmt":"2026-04-14T00:00:10","slug":"dermatitis","status":"publish","type":"page","link":"https:\/\/www.epitelia.mx\/en\/dermatologia-clinica\/dermatitis\/","title":{"rendered":"Dermatitis"},"content":{"rendered":"<div data-elementor-type=\"wp-page\" data-elementor-id=\"1233\" class=\"elementor elementor-1233\">\n\t\t\t\t<div class=\"elementor-element elementor-element-0769d4b e-flex e-con-boxed e-con e-parent\" data-id=\"0769d4b\" data-element_type=\"container\" data-e-type=\"container\">\n\t\t\t\t\t<div class=\"e-con-inner\">\n\t\t<div class=\"elementor-element elementor-element-7f3aac9 e-con-full e-flex e-con e-child\" data-id=\"7f3aac9\" data-element_type=\"container\" data-e-type=\"container\" data-settings=\"{&quot;background_background&quot;:&quot;classic&quot;}\">\n\t\t\t\t<div class=\"elementor-element elementor-element-336c577 elementor-widget elementor-widget-heading\" data-id=\"336c577\" data-element_type=\"widget\" data-e-type=\"widget\" data-widget_type=\"heading.default\">\n\t\t\t\t\t<h1 class=\"elementor-heading-title elementor-size-default\">Dermatitis: cuando tu piel se irrita, necesita atenci\u00f3n\n<\/h1>\t\t\t\t<\/div>\n\t\t\t\t<\/div>\n\t\t\t\t\t<\/div>\n\t\t\t\t<\/div>\n\t\t<div class=\"elementor-element elementor-element-646e8dd e-flex e-con-boxed e-con e-parent\" data-id=\"646e8dd\" data-element_type=\"container\" data-e-type=\"container\">\n\t\t\t\t\t<div class=\"e-con-inner\">\n\t\t<div class=\"elementor-element elementor-element-3d5a137 e-con-full e-flex e-con e-child\" data-id=\"3d5a137\" data-element_type=\"container\" data-e-type=\"container\">\n\t\t\t\t<div class=\"elementor-element elementor-element-ca2c9aa elementor-widget elementor-widget-text-editor\" data-id=\"ca2c9aa\" data-element_type=\"widget\" data-e-type=\"widget\" data-widget_type=\"text-editor.default\">\n\t\t\t\t\t\t\t\t\t<p><span style=\"font-weight: 400;\">La dermatitis es una inflamaci\u00f3n de la piel que puede aparecer de muchas formas: enrojecimiento, picaz\u00f3n, resequedad o irritaci\u00f3n.<\/span><\/p><p><span style=\"font-weight: 400;\">No es una sola condici\u00f3n, sino un conjunto de alteraciones que tienen diferentes causas, pero algo en com\u00fan: tu piel est\u00e1 reaccionando a algo.<\/span><\/p><p><span style=\"font-weight: 400;\">Entender qu\u00e9 tipo de dermatitis tienes es lo que permite tratarla correctamente.<\/span><\/p>\t\t\t\t\t\t\t\t<\/div>\n\t\t\t\t<\/div>\n\t\t\t\t\t<\/div>\n\t\t\t\t<\/div>\n\t\t<div class=\"elementor-element elementor-element-467c2d8 e-flex e-con-boxed e-con e-parent\" data-id=\"467c2d8\" data-element_type=\"container\" data-e-type=\"container\">\n\t\t\t\t\t<div class=\"e-con-inner\">\n\t\t<div class=\"elementor-element elementor-element-2892f91 e-con-full e-flex e-con e-child\" data-id=\"2892f91\" data-element_type=\"container\" data-e-type=\"container\">\n\t\t<div class=\"elementor-element elementor-element-d7aa745 e-con-full e-flex e-con e-child\" data-id=\"d7aa745\" data-element_type=\"container\" data-e-type=\"container\">\n\t\t\t\t<div class=\"elementor-element elementor-element-5290a30 elementor-widget elementor-widget-heading\" data-id=\"5290a30\" data-element_type=\"widget\" data-e-type=\"widget\" data-widget_type=\"heading.default\">\n\t\t\t\t\t<h2 class=\"elementor-heading-title elementor-size-default\">\u00bfQu\u00e9 es la dermatitis y c\u00f3mo se manifiesta?\n<\/h2>\t\t\t\t<\/div>\n\t\t\t\t<div class=\"elementor-element elementor-element-e08a68c elementor-widget elementor-widget-text-editor\" data-id=\"e08a68c\" data-element_type=\"widget\" data-e-type=\"widget\" data-widget_type=\"text-editor.default\">\n\t\t\t\t\t\t\t\t\t<p><span style=\"font-weight: 400;\">La dermatitis puede variar seg\u00fan cada persona, pero estas son las se\u00f1ales m\u00e1s comunes:<\/span><\/p><ul><li style=\"font-weight: 400;\" aria-level=\"1\"><span style=\"font-weight: 400;\">Enrojecimiento o inflamaci\u00f3n en la piel<\/span><\/li><li style=\"font-weight: 400;\" aria-level=\"1\"><span style=\"font-weight: 400;\">Picaz\u00f3n constante o sensaci\u00f3n de ardor<\/span><\/li><li style=\"font-weight: 400;\" aria-level=\"1\"><span style=\"font-weight: 400;\">Resequedad, descamaci\u00f3n o grietas<\/span><\/li><li style=\"font-weight: 400;\" aria-level=\"1\"><span style=\"font-weight: 400;\">Aparici\u00f3n de peque\u00f1as ampollas o irritaci\u00f3n<\/span><\/li><li style=\"font-weight: 400;\" aria-level=\"1\"><span style=\"font-weight: 400;\">Zonas sensibles que reaccionan f\u00e1cilmente a productos o factores externos\u00a0<\/span><\/li><\/ul>\t\t\t\t\t\t\t\t<\/div>\n\t\t\t\t<div class=\"elementor-element elementor-element-de62fab elementor-widget elementor-widget-button\" data-id=\"de62fab\" data-element_type=\"widget\" data-e-type=\"widget\" data-widget_type=\"button.default\">\n\t\t\t\t\t\t\t\t\t\t<a class=\"elementor-button elementor-button-link elementor-size-sm\" href=\"https:\/\/epitelia.site.agendapro.com\/mx\" target=\"_blank\" rel=\"noopener\">\n\t\t\t\t\t\t<span class=\"elementor-button-content-wrapper\">\n\t\t\t\t\t\t\t\t\t<span class=\"elementor-button-text\">Agenda tu Consulta<\/span>\n\t\t\t\t\t<\/span>\n\t\t\t\t\t<\/a>\n\t\t\t\t\t\t\t\t<\/div>\n\t\t\t\t<\/div>\n\t\t\t\t<\/div>\n\t\t<div class=\"elementor-element elementor-element-839e9fc e-con-full e-flex e-con e-child\" data-id=\"839e9fc\" data-element_type=\"container\" data-e-type=\"container\">\n\t\t<div class=\"elementor-element elementor-element-e2970a0 e-con-full e-flex e-con e-child\" data-id=\"e2970a0\" data-element_type=\"container\" data-e-type=\"container\">\n\t\t\t\t<div class=\"elementor-element elementor-element-1328023 elementor-widget elementor-widget-image\" data-id=\"1328023\" data-element_type=\"widget\" data-e-type=\"widget\" data-widget_type=\"image.default\">\n\t\t\t\t\t\t\t\t\t\t\t\t\t\t\t<img fetchpriority=\"high\" decoding=\"async\" width=\"1024\" height=\"819\" src=\"https:\/\/www.epitelia.mx\/wp-content\/uploads\/2026\/04\/Clinica_epitelia_dermatitis_1-1024x819.webp\" class=\"attachment-large size-large wp-image-1243\" alt=\"\" srcset=\"https:\/\/www.epitelia.mx\/wp-content\/uploads\/2026\/04\/Clinica_epitelia_dermatitis_1-1024x819.webp 1024w, https:\/\/www.epitelia.mx\/wp-content\/uploads\/2026\/04\/Clinica_epitelia_dermatitis_1-300x240.webp 300w, https:\/\/www.epitelia.mx\/wp-content\/uploads\/2026\/04\/Clinica_epitelia_dermatitis_1-768x614.webp 768w, https:\/\/www.epitelia.mx\/wp-content\/uploads\/2026\/04\/Clinica_epitelia_dermatitis_1-15x12.webp 15w, https:\/\/www.epitelia.mx\/wp-content\/uploads\/2026\/04\/Clinica_epitelia_dermatitis_1.webp 1350w\" sizes=\"(max-width: 1024px) 100vw, 1024px\" \/>\t\t\t\t\t\t\t\t\t\t\t\t\t\t\t<\/div>\n\t\t\t\t<\/div>\n\t\t\t\t<\/div>\n\t\t\t\t\t<\/div>\n\t\t\t\t<\/div>\n\t\t<div class=\"elementor-element elementor-element-0544bd1 e-con-full e-flex e-con e-parent\" data-id=\"0544bd1\" data-element_type=\"container\" data-e-type=\"container\">\n\t\t\t\t<div class=\"elementor-element elementor-element-4d1c127 elementor-widget elementor-widget-heading\" data-id=\"4d1c127\" data-element_type=\"widget\" data-e-type=\"widget\" data-widget_type=\"heading.default\">\n\t\t\t\t\t<h2 class=\"elementor-heading-title elementor-size-default\">Tipos de dermatitis m\u00e1s comunes<\/h2>\t\t\t\t<\/div>\n\t\t\t\t<div class=\"elementor-element elementor-element-136bfc3 elementor-widget elementor-widget-text-editor\" data-id=\"136bfc3\" data-element_type=\"widget\" data-e-type=\"widget\" data-widget_type=\"text-editor.default\">\n\t\t\t\t\t\t\t\t\t<p><span style=\"font-weight: 400;\">Cada tipo de dermatitis tiene un origen distinto, por eso es importante identificarlos:<\/span><\/p>\t\t\t\t\t\t\t\t<\/div>\n\t\t\t\t<\/div>\n\t\t<div class=\"elementor-element elementor-element-a71e0e4 e-grid e-con-boxed e-con e-parent\" data-id=\"a71e0e4\" data-element_type=\"container\" data-e-type=\"container\">\n\t\t\t\t\t<div class=\"e-con-inner\">\n\t\t<div class=\"elementor-element elementor-element-4d2acae e-con-full e-flex e-con e-child\" data-id=\"4d2acae\" data-element_type=\"container\" data-e-type=\"container\">\n\t\t\t\t<div class=\"elementor-element elementor-element-71d25f3 elementor-widget elementor-widget-text-editor\" data-id=\"71d25f3\" data-element_type=\"widget\" data-e-type=\"widget\" data-widget_type=\"text-editor.default\">\n\t\t\t\t\t\t\t\t\t<h5><b>Dermatitis at\u00f3pica<\/b><\/h5><p><b><\/b><span style=\"font-weight: 400;\"> Relacionada con piel sensible o antecedentes al\u00e9rgicos, com\u00fan en rostro, brazos o detr\u00e1s de las rodillas.<\/span><\/p>\t\t\t\t\t\t\t\t<\/div>\n\t\t\t\t<\/div>\n\t\t<div class=\"elementor-element elementor-element-c79b94e e-con-full e-flex e-con e-child\" data-id=\"c79b94e\" data-element_type=\"container\" data-e-type=\"container\">\n\t\t\t\t<div class=\"elementor-element elementor-element-fa7f834 elementor-widget elementor-widget-text-editor\" data-id=\"fa7f834\" data-element_type=\"widget\" data-e-type=\"widget\" data-widget_type=\"text-editor.default\">\n\t\t\t\t\t\t\t\t\t<h5><b>Dermatitis de contacto<\/b><\/h5><p><span style=\"font-weight: 400;\">Se produce por reacci\u00f3n a productos, qu\u00edmicos, metales o cosm\u00e9ticos.<\/span><\/p>\t\t\t\t\t\t\t\t<\/div>\n\t\t\t\t<\/div>\n\t\t<div class=\"elementor-element elementor-element-8a04bef e-con-full e-flex e-con e-child\" data-id=\"8a04bef\" data-element_type=\"container\" data-e-type=\"container\">\n\t\t\t\t<div class=\"elementor-element elementor-element-f28132e elementor-widget elementor-widget-text-editor\" data-id=\"f28132e\" data-element_type=\"widget\" data-e-type=\"widget\" data-widget_type=\"text-editor.default\">\n\t\t\t\t\t\t\t\t\t<h5><b>Dermatitis seborreica<\/b><\/h5><p><span style=\"font-weight: 400;\">Asociada a zonas con mayor producci\u00f3n de grasa, como cuero cabelludo, cejas o nariz.<\/span><\/p>\t\t\t\t\t\t\t\t<\/div>\n\t\t\t\t<\/div>\n\t\t<div class=\"elementor-element elementor-element-a731420 e-con-full e-flex e-con e-child\" data-id=\"a731420\" data-element_type=\"container\" data-e-type=\"container\">\n\t\t\t\t<div class=\"elementor-element elementor-element-bcbc7ad elementor-widget elementor-widget-text-editor\" data-id=\"bcbc7ad\" data-element_type=\"widget\" data-e-type=\"widget\" data-widget_type=\"text-editor.default\">\n\t\t\t\t\t\t\t\t\t<p><b>Dermatitis irritativa<\/b><\/p><p><span style=\"font-weight: 400;\">Provocada por factores externos como clima, fricci\u00f3n o uso excesivo de productos.<\/span><\/p>\t\t\t\t\t\t\t\t<\/div>\n\t\t\t\t<\/div>\n\t\t<div class=\"elementor-element elementor-element-e5436f9 e-con-full e-flex e-con e-child\" data-id=\"e5436f9\" data-element_type=\"container\" data-e-type=\"container\">\n\t\t\t\t<div class=\"elementor-element elementor-element-4ba23c0 elementor-widget elementor-widget-text-editor\" data-id=\"4ba23c0\" data-element_type=\"widget\" data-e-type=\"widget\" data-widget_type=\"text-editor.default\">\n\t\t\t\t\t\t\t\t\t<h5><b>Dermatitis al\u00e9rgica<\/b><\/h5><p><span style=\"font-weight: 400;\">Reacci\u00f3n del sistema inmune ante sustancias espec\u00edficas.<\/span><\/p>\t\t\t\t\t\t\t\t<\/div>\n\t\t\t\t<\/div>\n\t\t\t\t\t<\/div>\n\t\t\t\t<\/div>\n\t\t<div class=\"elementor-element elementor-element-56b8673 e-flex e-con-boxed e-con e-parent\" data-id=\"56b8673\" data-element_type=\"container\" data-e-type=\"container\">\n\t\t\t\t\t<div class=\"e-con-inner\">\n\t\t<div class=\"elementor-element elementor-element-bf6a0d4 e-con-full e-flex e-con e-child\" data-id=\"bf6a0d4\" data-element_type=\"container\" data-e-type=\"container\">\n\t\t\t\t<div class=\"elementor-element elementor-element-bb94968 elementor-widget elementor-widget-image\" data-id=\"bb94968\" data-element_type=\"widget\" data-e-type=\"widget\" data-widget_type=\"image.default\">\n\t\t\t\t\t\t\t\t\t\t\t\t\t\t\t<img decoding=\"async\" width=\"1024\" height=\"819\" src=\"https:\/\/www.epitelia.mx\/wp-content\/uploads\/2026\/04\/Clinica_epitelia_dermatitis2-1024x819.webp\" class=\"attachment-large size-large wp-image-1244\" alt=\"\" srcset=\"https:\/\/www.epitelia.mx\/wp-content\/uploads\/2026\/04\/Clinica_epitelia_dermatitis2-1024x819.webp 1024w, https:\/\/www.epitelia.mx\/wp-content\/uploads\/2026\/04\/Clinica_epitelia_dermatitis2-300x240.webp 300w, https:\/\/www.epitelia.mx\/wp-content\/uploads\/2026\/04\/Clinica_epitelia_dermatitis2-768x614.webp 768w, https:\/\/www.epitelia.mx\/wp-content\/uploads\/2026\/04\/Clinica_epitelia_dermatitis2-15x12.webp 15w, https:\/\/www.epitelia.mx\/wp-content\/uploads\/2026\/04\/Clinica_epitelia_dermatitis2.webp 1350w\" sizes=\"(max-width: 1024px) 100vw, 1024px\" \/>\t\t\t\t\t\t\t\t\t\t\t\t\t\t\t<\/div>\n\t\t\t\t<\/div>\n\t\t<div class=\"elementor-element elementor-element-506aa02 e-con-full e-flex e-con e-child\" data-id=\"506aa02\" data-element_type=\"container\" data-e-type=\"container\">\n\t\t<div class=\"elementor-element elementor-element-d9e43cf e-con-full e-flex e-con e-child\" data-id=\"d9e43cf\" data-element_type=\"container\" data-e-type=\"container\">\n\t\t\t\t<div class=\"elementor-element elementor-element-0ffb952 elementor-widget elementor-widget-heading\" data-id=\"0ffb952\" data-element_type=\"widget\" data-e-type=\"widget\" data-widget_type=\"heading.default\">\n\t\t\t\t\t<h4 class=\"elementor-heading-title elementor-size-default\">\u00bfC\u00f3mo se trata la dermatitis?<\/h4>\t\t\t\t<\/div>\n\t\t\t\t<div class=\"elementor-element elementor-element-415fdfd elementor-widget elementor-widget-text-editor\" data-id=\"415fdfd\" data-element_type=\"widget\" data-e-type=\"widget\" data-widget_type=\"text-editor.default\">\n\t\t\t\t\t\t\t\t\t<p><span style=\"font-weight: 400;\">El tratamiento no es gen\u00e9rico, depende del tipo de dermatitis y su causa.<\/span><\/p><p><span style=\"font-weight: 400;\">Se pueden utilizar:<\/span><\/p><ul><li style=\"font-weight: 400;\" aria-level=\"1\"><b>Tratamientos dermatol\u00f3gicos t\u00f3picos<\/b><span style=\"font-weight: 400;\"> para reducir inflamaci\u00f3n y restaurar la piel<\/span><\/li><li style=\"font-weight: 400;\" aria-level=\"1\"><b>Medicamentos espec\u00edficos<\/b><span style=\"font-weight: 400;\"> en casos m\u00e1s avanzados<\/span><\/li><li style=\"font-weight: 400;\" aria-level=\"1\"><b>Rutinas de cuidado personalizadas<\/b><span style=\"font-weight: 400;\"> para evitar brotes<\/span><\/li><li style=\"font-weight: 400;\" aria-level=\"1\"><b>Control de factores desencadenantes<\/b><span style=\"font-weight: 400;\"> como productos o h\u00e1bitos<\/span><\/li><\/ul><p><span style=\"font-weight: 400;\">El objetivo es calmar la piel, recuperar su barrera natural y prevenir reca\u00eddas.<\/span><\/p>\t\t\t\t\t\t\t\t<\/div>\n\t\t\t\t<\/div>\n\t\t\t\t<\/div>\n\t\t\t\t\t<\/div>\n\t\t\t\t<\/div>\n\t\t<div class=\"elementor-element elementor-element-c3e2abc e-flex e-con-boxed e-con e-parent\" data-id=\"c3e2abc\" data-element_type=\"container\" data-e-type=\"container\">\n\t\t\t\t\t<div class=\"e-con-inner\">\n\t\t\t\t<div class=\"elementor-element elementor-element-e1c3c13 elementor-widget elementor-widget-spacer\" data-id=\"e1c3c13\" data-element_type=\"widget\" data-e-type=\"widget\" data-widget_type=\"spacer.default\">\n\t\t\t\t\t\t\t<div class=\"elementor-spacer\">\n\t\t\t<div class=\"elementor-spacer-inner\"><\/div>\n\t\t<\/div>\n\t\t\t\t\t\t<\/div>\n\t\t\t\t\t<\/div>\n\t\t\t\t<\/div>\n\t\t<div class=\"elementor-element elementor-element-1e7db2bc e-flex e-con-boxed e-con e-parent\" data-id=\"1e7db2bc\" data-element_type=\"container\" data-e-type=\"container\" data-settings=\"{&quot;background_background&quot;:&quot;classic&quot;}\">\n\t\t\t\t\t<div class=\"e-con-inner\">\n\t\t<div class=\"elementor-element elementor-element-7dd8e5fc e-con-full e-flex e-con e-child\" data-id=\"7dd8e5fc\" data-element_type=\"container\" data-e-type=\"container\">\n\t\t\t\t<div class=\"elementor-element elementor-element-47d369c6 elementor-widget elementor-widget-heading\" data-id=\"47d369c6\" data-element_type=\"widget\" data-e-type=\"widget\" data-widget_type=\"heading.default\">\n\t\t\t\t\t<h2 class=\"elementor-heading-title elementor-size-default\">La constancia es la mejor soluci\u00f3n<\/h2>\t\t\t\t<\/div>\n\t\t\t\t<div class=\"elementor-element elementor-element-64d70a48 elementor-widget elementor-widget-text-editor\" data-id=\"64d70a48\" data-element_type=\"widget\" data-e-type=\"widget\" data-widget_type=\"text-editor.default\">\n\t\t\t\t\t\t\t\t\t<p><span style=\"font-weight: 400;\">La dermatitis puede aparecer y desaparecer, pero cuando se trata correctamente, se controla.<\/span><\/p><p><span style=\"font-weight: 400;\">Un especialista puede ayudarte a:<\/span><\/p><ul><li style=\"font-weight: 400;\" aria-level=\"1\"><span style=\"font-weight: 400;\">Identificar el tipo exacto de dermatitis<\/span><\/li><li style=\"font-weight: 400;\" aria-level=\"1\"><span style=\"font-weight: 400;\">Evitar factores que la empeoran<\/span><\/li><li style=\"font-weight: 400;\" aria-level=\"1\"><span style=\"font-weight: 400;\">Dise\u00f1ar un tratamiento que funcione a largo plazo<\/span><\/li><\/ul><p><span style=\"font-weight: 400;\">Tu piel necesita equilibrio, no soluciones improvisadas.<\/span><\/p><p><b>Agenda tu consulta y aprende a controlar tu dermatitis con un tratamiento hecho para ti.<\/b><\/p>\t\t\t\t\t\t\t\t<\/div>\n\t\t\t\t<div class=\"elementor-element elementor-element-74425c63 elementor-widget elementor-widget-button\" data-id=\"74425c63\" data-element_type=\"widget\" data-e-type=\"widget\" data-widget_type=\"button.default\">\n\t\t\t\t\t\t\t\t\t\t<a class=\"elementor-button elementor-button-link elementor-size-sm\" href=\"https:\/\/epitelia.site.agendapro.com\/mx\" target=\"_blank\" rel=\"noopener\">\n\t\t\t\t\t\t<span class=\"elementor-button-content-wrapper\">\n\t\t\t\t\t\t\t\t\t<span class=\"elementor-button-text\">Agenda tu Consulta<\/span>\n\t\t\t\t\t<\/span>\n\t\t\t\t\t<\/a>\n\t\t\t\t\t\t\t\t<\/div>\n\t\t\t\t<\/div>\n\t\t<div class=\"elementor-element elementor-element-37f11e3e e-con-full e-flex e-con e-child\" data-id=\"37f11e3e\" data-element_type=\"container\" data-e-type=\"container\">\n\t\t\t\t<div class=\"elementor-element elementor-element-21e89569 elementor-widget elementor-widget-image\" data-id=\"21e89569\" data-element_type=\"widget\" data-e-type=\"widget\" data-widget_type=\"image.default\">\n\t\t\t\t\t\t\t\t\t\t\t\t\t\t\t<img decoding=\"async\" width=\"1024\" height=\"885\" src=\"https:\/\/www.epitelia.mx\/wp-content\/uploads\/2026\/04\/Consulta_Epitelia-1024x885.webp\" class=\"attachment-large size-large wp-image-1115\" alt=\"\" srcset=\"https:\/\/www.epitelia.mx\/wp-content\/uploads\/2026\/04\/Consulta_Epitelia-1024x885.webp 1024w, https:\/\/www.epitelia.mx\/wp-content\/uploads\/2026\/04\/Consulta_Epitelia-300x259.webp 300w, https:\/\/www.epitelia.mx\/wp-content\/uploads\/2026\/04\/Consulta_Epitelia-768x664.webp 768w, https:\/\/www.epitelia.mx\/wp-content\/uploads\/2026\/04\/Consulta_Epitelia-14x12.webp 14w, https:\/\/www.epitelia.mx\/wp-content\/uploads\/2026\/04\/Consulta_Epitelia.webp 1250w\" sizes=\"(max-width: 1024px) 100vw, 1024px\" \/>\t\t\t\t\t\t\t\t\t\t\t\t\t\t\t<\/div>\n\t\t\t\t<\/div>\n\t\t\t\t\t<\/div>\n\t\t\t\t<\/div>\n\t\t\t\t<\/div>","protected":false},"excerpt":{"rendered":"<p>Dermatitis: cuando tu piel se irrita, necesita atenci\u00f3n La dermatitis es una inflamaci\u00f3n de la piel que puede aparecer de muchas formas: enrojecimiento, picaz\u00f3n, resequedad o irritaci\u00f3n. No es una sola condici\u00f3n, sino un conjunto de alteraciones que tienen diferentes causas, pero algo en com\u00fan: tu piel est\u00e1 reaccionando a algo. Entender qu\u00e9 tipo de [&hellip;]<\/p>\n","protected":false},"author":3,"featured_media":0,"parent":196,"menu_order":0,"comment_status":"closed","ping_status":"closed","template":"","meta":{"_acf_changed":false,"footnotes":""},"class_list":["post-1233","page","type-page","status-publish","hentry"],"acf":[],"_links":{"self":[{"href":"https:\/\/www.epitelia.mx\/en\/wp-json\/wp\/v2\/pages\/1233","targetHints":{"allow":["GET"]}}],"collection":[{"href":"https:\/\/www.epitelia.mx\/en\/wp-json\/wp\/v2\/pages"}],"about":[{"href":"https:\/\/www.epitelia.mx\/en\/wp-json\/wp\/v2\/types\/page"}],"author":[{"embeddable":true,"href":"https:\/\/www.epitelia.mx\/en\/wp-json\/wp\/v2\/users\/3"}],"replies":[{"embeddable":true,"href":"https:\/\/www.epitelia.mx\/en\/wp-json\/wp\/v2\/comments?post=1233"}],"version-history":[{"count":10,"href":"https:\/\/www.epitelia.mx\/en\/wp-json\/wp\/v2\/pages\/1233\/revisions"}],"predecessor-version":[{"id":1250,"href":"https:\/\/www.epitelia.mx\/en\/wp-json\/wp\/v2\/pages\/1233\/revisions\/1250"}],"up":[{"embeddable":true,"href":"https:\/\/www.epitelia.mx\/en\/wp-json\/wp\/v2\/pages\/196"}],"wp:attachment":[{"href":"https:\/\/www.epitelia.mx\/en\/wp-json\/wp\/v2\/media?parent=1233"}],"curies":[{"name":"wp","href":"https:\/\/api.w.org\/{rel}","templated":true}]}}