{"id":1260,"date":"2026-04-14T00:06:47","date_gmt":"2026-04-14T00:06:47","guid":{"rendered":"https:\/\/www.epitelia.mx\/?page_id=1260"},"modified":"2026-04-14T00:17:35","modified_gmt":"2026-04-14T00:17:35","slug":"rosacea","status":"publish","type":"page","link":"https:\/\/www.epitelia.mx\/en\/dermatologia-clinica\/rosacea\/","title":{"rendered":"Rosacea"},"content":{"rendered":"<div data-elementor-type=\"wp-page\" data-elementor-id=\"1260\" class=\"elementor elementor-1260\">\n\t\t\t\t<div class=\"elementor-element elementor-element-067498e e-flex e-con-boxed e-con e-parent\" data-id=\"067498e\" data-element_type=\"container\" data-e-type=\"container\">\n\t\t\t\t\t<div class=\"e-con-inner\">\n\t\t<div class=\"elementor-element elementor-element-c088bfa e-con-full e-flex e-con e-child\" data-id=\"c088bfa\" data-element_type=\"container\" data-e-type=\"container\" data-settings=\"{&quot;background_background&quot;:&quot;classic&quot;}\">\n\t\t\t\t<div class=\"elementor-element elementor-element-01e29fd elementor-widget elementor-widget-heading\" data-id=\"01e29fd\" data-element_type=\"widget\" data-e-type=\"widget\" data-widget_type=\"heading.default\">\n\t\t\t\t\t<h1 class=\"elementor-heading-title elementor-size-default\">Ros\u00e1cea en la cara: cuando el enrojecimiento no es temporal<\/h1>\t\t\t\t<\/div>\n\t\t\t\t<\/div>\n\t\t\t\t\t<\/div>\n\t\t\t\t<\/div>\n\t\t<div class=\"elementor-element elementor-element-ad1894c e-flex e-con-boxed e-con e-parent\" data-id=\"ad1894c\" data-element_type=\"container\" data-e-type=\"container\">\n\t\t\t\t\t<div class=\"e-con-inner\">\n\t\t<div class=\"elementor-element elementor-element-a2ac911 e-con-full e-flex e-con e-child\" data-id=\"a2ac911\" data-element_type=\"container\" data-e-type=\"container\">\n\t\t\t\t<div class=\"elementor-element elementor-element-f9987d0 elementor-widget elementor-widget-text-editor\" data-id=\"f9987d0\" data-element_type=\"widget\" data-e-type=\"widget\" data-widget_type=\"text-editor.default\">\n\t\t\t\t\t\t\t\t\t<p><span style=\"font-weight: 400;\">Si sientes que tu piel se enrojece con facilidad, se irrita o reacciona sin raz\u00f3n aparente, podr\u00eda tratarse de ros\u00e1cea.<\/span><\/p><p><span style=\"font-weight: 400;\">No es solo \u201cpiel sensible\u201d. Es una condici\u00f3n que requiere tratamiento para evitar que avance y se vuelva m\u00e1s visible.<\/span><\/p><p><span style=\"font-weight: 400;\">La buena noticia: s\u00ed se puede controlar.<\/span><\/p>\t\t\t\t\t\t\t\t<\/div>\n\t\t\t\t<\/div>\n\t\t\t\t\t<\/div>\n\t\t\t\t<\/div>\n\t\t<div class=\"elementor-element elementor-element-243b5bd e-flex e-con-boxed e-con e-parent\" data-id=\"243b5bd\" data-element_type=\"container\" data-e-type=\"container\">\n\t\t\t\t\t<div class=\"e-con-inner\">\n\t\t<div class=\"elementor-element elementor-element-ce88b8a e-con-full e-flex e-con e-child\" data-id=\"ce88b8a\" data-element_type=\"container\" data-e-type=\"container\">\n\t\t<div class=\"elementor-element elementor-element-6738d06 e-con-full e-flex e-con e-child\" data-id=\"6738d06\" data-element_type=\"container\" data-e-type=\"container\">\n\t\t\t\t<div class=\"elementor-element elementor-element-8668b4e elementor-widget elementor-widget-heading\" data-id=\"8668b4e\" data-element_type=\"widget\" data-e-type=\"widget\" data-widget_type=\"heading.default\">\n\t\t\t\t\t<h2 class=\"elementor-heading-title elementor-size-default\">\u00bfC\u00f3mo identificar la ros\u00e1cea en la cara?\n<\/h2>\t\t\t\t<\/div>\n\t\t\t\t<div class=\"elementor-element elementor-element-da8aa20 elementor-widget elementor-widget-text-editor\" data-id=\"da8aa20\" data-element_type=\"widget\" data-e-type=\"widget\" data-widget_type=\"text-editor.default\">\n\t\t\t\t\t\t\t\t\t<p><span style=\"font-weight: 400;\">La ros\u00e1cea suele aparecer en el rostro y tiene se\u00f1ales muy caracter\u00edsticas:<\/span><\/p><ul><li style=\"font-weight: 400;\" aria-level=\"1\"><span style=\"font-weight: 400;\">Enrojecimiento constante en mejillas, nariz o frente<\/span><\/li><li style=\"font-weight: 400;\" aria-level=\"1\"><span style=\"font-weight: 400;\">Sensaci\u00f3n de calor o ardor en la piel<\/span><\/li><li style=\"font-weight: 400;\" aria-level=\"1\"><span style=\"font-weight: 400;\">Aparici\u00f3n de peque\u00f1os vasos visibles (telangiectasias)<\/span><\/li><li style=\"font-weight: 400;\" aria-level=\"1\"><span style=\"font-weight: 400;\">Brotes similares al acn\u00e9 en algunos casos<\/span><\/li><li style=\"font-weight: 400;\" aria-level=\"1\"><span style=\"font-weight: 400;\">Piel sensible que reacciona f\u00e1cilmente a cambios de temperatura o productos<\/span><\/li><\/ul>\t\t\t\t\t\t\t\t<\/div>\n\t\t\t\t<div class=\"elementor-element elementor-element-b30f428 elementor-widget elementor-widget-button\" data-id=\"b30f428\" data-element_type=\"widget\" data-e-type=\"widget\" data-widget_type=\"button.default\">\n\t\t\t\t\t\t\t\t\t\t<a class=\"elementor-button elementor-button-link elementor-size-sm\" href=\"https:\/\/epitelia.site.agendapro.com\/mx\" target=\"_blank\" rel=\"noopener\">\n\t\t\t\t\t\t<span class=\"elementor-button-content-wrapper\">\n\t\t\t\t\t\t\t\t\t<span class=\"elementor-button-text\">Agenda tu Consulta<\/span>\n\t\t\t\t\t<\/span>\n\t\t\t\t\t<\/a>\n\t\t\t\t\t\t\t\t<\/div>\n\t\t\t\t<\/div>\n\t\t\t\t<\/div>\n\t\t<div class=\"elementor-element elementor-element-a10e10b e-con-full e-flex e-con e-child\" data-id=\"a10e10b\" data-element_type=\"container\" data-e-type=\"container\">\n\t\t<div class=\"elementor-element elementor-element-4819e6f e-con-full e-flex e-con e-child\" data-id=\"4819e6f\" data-element_type=\"container\" data-e-type=\"container\">\n\t\t\t\t<div class=\"elementor-element elementor-element-33f4c79 elementor-widget elementor-widget-image\" data-id=\"33f4c79\" data-element_type=\"widget\" data-e-type=\"widget\" data-widget_type=\"image.default\">\n\t\t\t\t\t\t\t\t\t\t\t\t\t\t\t<img fetchpriority=\"high\" decoding=\"async\" width=\"1024\" height=\"819\" src=\"https:\/\/www.epitelia.mx\/wp-content\/uploads\/2026\/04\/Clinica_epitelia_Rosacea-1024x819.webp\" class=\"attachment-large size-large wp-image-1262\" alt=\"\" srcset=\"https:\/\/www.epitelia.mx\/wp-content\/uploads\/2026\/04\/Clinica_epitelia_Rosacea-1024x819.webp 1024w, https:\/\/www.epitelia.mx\/wp-content\/uploads\/2026\/04\/Clinica_epitelia_Rosacea-300x240.webp 300w, https:\/\/www.epitelia.mx\/wp-content\/uploads\/2026\/04\/Clinica_epitelia_Rosacea-768x614.webp 768w, https:\/\/www.epitelia.mx\/wp-content\/uploads\/2026\/04\/Clinica_epitelia_Rosacea-15x12.webp 15w, https:\/\/www.epitelia.mx\/wp-content\/uploads\/2026\/04\/Clinica_epitelia_Rosacea.webp 1350w\" sizes=\"(max-width: 1024px) 100vw, 1024px\" \/>\t\t\t\t\t\t\t\t\t\t\t\t\t\t\t<\/div>\n\t\t\t\t<\/div>\n\t\t\t\t<\/div>\n\t\t\t\t\t<\/div>\n\t\t\t\t<\/div>\n\t\t<div class=\"elementor-element elementor-element-1a02cbe e-flex e-con-boxed e-con e-parent\" data-id=\"1a02cbe\" data-element_type=\"container\" data-e-type=\"container\">\n\t\t\t\t\t<div class=\"e-con-inner\">\n\t\t<div class=\"elementor-element elementor-element-911ee93 e-con-full e-flex e-con e-child\" data-id=\"911ee93\" data-element_type=\"container\" data-e-type=\"container\">\n\t\t\t\t<div class=\"elementor-element elementor-element-4dec198 elementor-widget elementor-widget-heading\" data-id=\"4dec198\" data-element_type=\"widget\" data-e-type=\"widget\" data-widget_type=\"heading.default\">\n\t\t\t\t\t<h3 class=\"elementor-heading-title elementor-size-default\">Tratamiento para ros\u00e1cea en la cara\n<\/h3>\t\t\t\t<\/div>\n\t\t\t\t<div class=\"elementor-element elementor-element-fd0f805 elementor-widget elementor-widget-text-editor\" data-id=\"fd0f805\" data-element_type=\"widget\" data-e-type=\"widget\" data-widget_type=\"text-editor.default\">\n\t\t\t\t\t\t\t\t\t<p><span style=\"font-weight: 400;\">El objetivo no es solo disminuir el enrojecimiento, sino estabilizar la piel.<\/span><\/p><p><span style=\"font-weight: 400;\">Dependiendo del caso, se pueden utilizar:<\/span><\/p>\t\t\t\t\t\t\t\t<\/div>\n\t\t\t\t<\/div>\n\t\t\t\t\t<\/div>\n\t\t\t\t<\/div>\n\t\t<div class=\"elementor-element elementor-element-23fe426 e-grid e-con-boxed e-con e-parent\" data-id=\"23fe426\" data-element_type=\"container\" data-e-type=\"container\">\n\t\t\t\t\t<div class=\"e-con-inner\">\n\t\t<div class=\"elementor-element elementor-element-f08571e e-con-full e-flex e-con e-child\" data-id=\"f08571e\" data-element_type=\"container\" data-e-type=\"container\">\n\t\t\t\t<div class=\"elementor-element elementor-element-584ac12 elementor-widget elementor-widget-text-editor\" data-id=\"584ac12\" data-element_type=\"widget\" data-e-type=\"widget\" data-widget_type=\"text-editor.default\">\n\t\t\t\t\t\t\t\t\t<p><b>Tratamientos dermatol\u00f3gicos t\u00f3picos<\/b><span style=\"font-weight: 400;\"> para reducir inflamaci\u00f3n y sensibilidad<\/span><\/p>\t\t\t\t\t\t\t\t<\/div>\n\t\t\t\t<\/div>\n\t\t<div class=\"elementor-element elementor-element-c5da7d5 e-con-full e-flex e-con e-child\" data-id=\"c5da7d5\" data-element_type=\"container\" data-e-type=\"container\">\n\t\t\t\t<div class=\"elementor-element elementor-element-cc327f2 elementor-widget elementor-widget-text-editor\" data-id=\"cc327f2\" data-element_type=\"widget\" data-e-type=\"widget\" data-widget_type=\"text-editor.default\">\n\t\t\t\t\t\t\t\t\t<p><b>Medicamentos espec\u00edficos<\/b><span style=\"font-weight: 400;\"> en casos moderados o avanzados<\/span><\/p>\t\t\t\t\t\t\t\t<\/div>\n\t\t\t\t<\/div>\n\t\t<div class=\"elementor-element elementor-element-a3e539f e-con-full e-flex e-con e-child\" data-id=\"a3e539f\" data-element_type=\"container\" data-e-type=\"container\">\n\t\t\t\t<div class=\"elementor-element elementor-element-25a17fa elementor-widget elementor-widget-text-editor\" data-id=\"25a17fa\" data-element_type=\"widget\" data-e-type=\"widget\" data-widget_type=\"text-editor.default\">\n\t\t\t\t\t\t\t\t\t<p><b>Tecnolog\u00eda como l\u00e1ser o IPL<\/b><span style=\"font-weight: 400;\"> para disminuir el enrojecimiento visible<\/span><\/p>\t\t\t\t\t\t\t\t<\/div>\n\t\t\t\t<\/div>\n\t\t<div class=\"elementor-element elementor-element-47b6ae8 e-con-full e-flex e-con e-child\" data-id=\"47b6ae8\" data-element_type=\"container\" data-e-type=\"container\">\n\t\t\t\t<div class=\"elementor-element elementor-element-a417215 elementor-widget elementor-widget-text-editor\" data-id=\"a417215\" data-element_type=\"widget\" data-e-type=\"widget\" data-widget_type=\"text-editor.default\">\n\t\t\t\t\t\t\t\t\t<p><b>Rutinas personalizadas<\/b><span style=\"font-weight: 400;\"> que protegen la barrera de la piel<\/span><\/p>\t\t\t\t\t\t\t\t<\/div>\n\t\t\t\t<\/div>\n\t\t\t\t\t<\/div>\n\t\t\t\t<\/div>\n\t\t<div class=\"elementor-element elementor-element-9448def e-flex e-con-boxed e-con e-parent\" data-id=\"9448def\" data-element_type=\"container\" data-e-type=\"container\">\n\t\t\t\t\t<div class=\"e-con-inner\">\n\t\t<div class=\"elementor-element elementor-element-d135cdd e-con-full e-flex e-con e-child\" data-id=\"d135cdd\" data-element_type=\"container\" data-e-type=\"container\">\n\t\t\t\t<div class=\"elementor-element elementor-element-e9a5fc5 elementor-widget elementor-widget-text-editor\" data-id=\"e9a5fc5\" data-element_type=\"widget\" data-e-type=\"widget\" data-widget_type=\"text-editor.default\">\n\t\t\t\t\t\t\t\t\t<p><span style=\"font-weight: 400;\">El enfoque es claro: calmar, fortalecer y mantener la piel bajo control.<\/span><\/p>\t\t\t\t\t\t\t\t<\/div>\n\t\t\t\t<div class=\"elementor-element elementor-element-d93ced2 elementor-widget elementor-widget-spacer\" data-id=\"d93ced2\" data-element_type=\"widget\" data-e-type=\"widget\" data-widget_type=\"spacer.default\">\n\t\t\t\t\t\t\t<div class=\"elementor-spacer\">\n\t\t\t<div class=\"elementor-spacer-inner\"><\/div>\n\t\t<\/div>\n\t\t\t\t\t\t<\/div>\n\t\t\t\t<\/div>\n\t\t\t\t\t<\/div>\n\t\t\t\t<\/div>\n\t\t<div class=\"elementor-element elementor-element-2702079c e-flex e-con-boxed e-con e-parent\" data-id=\"2702079c\" data-element_type=\"container\" data-e-type=\"container\" data-settings=\"{&quot;background_background&quot;:&quot;classic&quot;}\">\n\t\t\t\t\t<div class=\"e-con-inner\">\n\t\t<div class=\"elementor-element elementor-element-6934ab29 e-con-full e-flex e-con e-child\" data-id=\"6934ab29\" data-element_type=\"container\" data-e-type=\"container\">\n\t\t\t\t<div class=\"elementor-element elementor-element-25bb7d28 elementor-widget elementor-widget-heading\" data-id=\"25bb7d28\" data-element_type=\"widget\" data-e-type=\"widget\" data-widget_type=\"heading.default\">\n\t\t\t\t\t<h2 class=\"elementor-heading-title elementor-size-default\">La constancia es la mejor soluci\u00f3n<\/h2>\t\t\t\t<\/div>\n\t\t\t\t<div class=\"elementor-element elementor-element-24c08f1b elementor-widget elementor-widget-text-editor\" data-id=\"24c08f1b\" data-element_type=\"widget\" data-e-type=\"widget\" data-widget_type=\"text-editor.default\">\n\t\t\t\t\t\t\t\t\t<p><span style=\"font-weight: 400;\">La ros\u00e1cea no desaparece sola, pero s\u00ed puede mantenerse controlada.<\/span><\/p><p><span style=\"font-weight: 400;\">Un diagn\u00f3stico adecuado permite:<\/span><\/p><ul><li style=\"font-weight: 400;\" aria-level=\"1\"><span style=\"font-weight: 400;\">Identificar el tipo de ros\u00e1cea<\/span><\/li><li style=\"font-weight: 400;\" aria-level=\"1\"><span style=\"font-weight: 400;\">Detectar factores que la detonan<\/span><\/li><li style=\"font-weight: 400;\" aria-level=\"1\"><span style=\"font-weight: 400;\">Crear un plan que evite que progrese<\/span><\/li><\/ul><p><span style=\"font-weight: 400;\">Tratarla a tiempo cambia por completo la evoluci\u00f3n de tu piel.<\/span><\/p><p><b>Agenda tu consulta y empieza a controlar la ros\u00e1cea con un tratamiento hecho para ti.<\/b><\/p>\t\t\t\t\t\t\t\t<\/div>\n\t\t\t\t<div class=\"elementor-element elementor-element-2c8aef64 elementor-widget elementor-widget-button\" data-id=\"2c8aef64\" data-element_type=\"widget\" data-e-type=\"widget\" data-widget_type=\"button.default\">\n\t\t\t\t\t\t\t\t\t\t<a class=\"elementor-button elementor-button-link elementor-size-sm\" href=\"https:\/\/epitelia.site.agendapro.com\/mx\" target=\"_blank\" rel=\"noopener\">\n\t\t\t\t\t\t<span class=\"elementor-button-content-wrapper\">\n\t\t\t\t\t\t\t\t\t<span class=\"elementor-button-text\">Agenda tu Consulta<\/span>\n\t\t\t\t\t<\/span>\n\t\t\t\t\t<\/a>\n\t\t\t\t\t\t\t\t<\/div>\n\t\t\t\t<\/div>\n\t\t<div class=\"elementor-element elementor-element-5110cc85 e-con-full e-flex e-con e-child\" data-id=\"5110cc85\" data-element_type=\"container\" data-e-type=\"container\">\n\t\t\t\t<div class=\"elementor-element elementor-element-ed5cca4 elementor-widget elementor-widget-image\" data-id=\"ed5cca4\" data-element_type=\"widget\" data-e-type=\"widget\" data-widget_type=\"image.default\">\n\t\t\t\t\t\t\t\t\t\t\t\t\t\t\t<img decoding=\"async\" width=\"1024\" height=\"885\" src=\"https:\/\/www.epitelia.mx\/wp-content\/uploads\/2026\/04\/Consulta_Epitelia-1024x885.webp\" class=\"attachment-large size-large wp-image-1115\" alt=\"\" srcset=\"https:\/\/www.epitelia.mx\/wp-content\/uploads\/2026\/04\/Consulta_Epitelia-1024x885.webp 1024w, https:\/\/www.epitelia.mx\/wp-content\/uploads\/2026\/04\/Consulta_Epitelia-300x259.webp 300w, https:\/\/www.epitelia.mx\/wp-content\/uploads\/2026\/04\/Consulta_Epitelia-768x664.webp 768w, https:\/\/www.epitelia.mx\/wp-content\/uploads\/2026\/04\/Consulta_Epitelia-14x12.webp 14w, https:\/\/www.epitelia.mx\/wp-content\/uploads\/2026\/04\/Consulta_Epitelia.webp 1250w\" sizes=\"(max-width: 1024px) 100vw, 1024px\" \/>\t\t\t\t\t\t\t\t\t\t\t\t\t\t\t<\/div>\n\t\t\t\t<\/div>\n\t\t\t\t\t<\/div>\n\t\t\t\t<\/div>\n\t\t\t\t<\/div>","protected":false},"excerpt":{"rendered":"<p>Ros\u00e1cea en la cara: cuando el enrojecimiento no es temporal Si sientes que tu piel se enrojece con facilidad, se irrita o reacciona sin raz\u00f3n aparente, podr\u00eda tratarse de ros\u00e1cea. No es solo \u201cpiel sensible\u201d. Es una condici\u00f3n que requiere tratamiento para evitar que avance y se vuelva m\u00e1s visible. La buena noticia: s\u00ed se [&hellip;]<\/p>\n","protected":false},"author":3,"featured_media":0,"parent":196,"menu_order":0,"comment_status":"closed","ping_status":"closed","template":"","meta":{"_acf_changed":false,"footnotes":""},"class_list":["post-1260","page","type-page","status-publish","hentry"],"acf":[],"_links":{"self":[{"href":"https:\/\/www.epitelia.mx\/en\/wp-json\/wp\/v2\/pages\/1260","targetHints":{"allow":["GET"]}}],"collection":[{"href":"https:\/\/www.epitelia.mx\/en\/wp-json\/wp\/v2\/pages"}],"about":[{"href":"https:\/\/www.epitelia.mx\/en\/wp-json\/wp\/v2\/types\/page"}],"author":[{"embeddable":true,"href":"https:\/\/www.epitelia.mx\/en\/wp-json\/wp\/v2\/users\/3"}],"replies":[{"embeddable":true,"href":"https:\/\/www.epitelia.mx\/en\/wp-json\/wp\/v2\/comments?post=1260"}],"version-history":[{"count":4,"href":"https:\/\/www.epitelia.mx\/en\/wp-json\/wp\/v2\/pages\/1260\/revisions"}],"predecessor-version":[{"id":1266,"href":"https:\/\/www.epitelia.mx\/en\/wp-json\/wp\/v2\/pages\/1260\/revisions\/1266"}],"up":[{"embeddable":true,"href":"https:\/\/www.epitelia.mx\/en\/wp-json\/wp\/v2\/pages\/196"}],"wp:attachment":[{"href":"https:\/\/www.epitelia.mx\/en\/wp-json\/wp\/v2\/media?parent=1260"}],"curies":[{"name":"wp","href":"https:\/\/api.w.org\/{rel}","templated":true}]}}