{"id":1267,"date":"2026-04-14T00:18:12","date_gmt":"2026-04-14T00:18:12","guid":{"rendered":"https:\/\/www.epitelia.mx\/?page_id=1267"},"modified":"2026-04-14T00:29:54","modified_gmt":"2026-04-14T00:29:54","slug":"unas-quebradizas","status":"publish","type":"page","link":"https:\/\/www.epitelia.mx\/en\/dermatologia-clinica\/unas-quebradizas\/","title":{"rendered":"u\u00f1as quebradizas"},"content":{"rendered":"<div data-elementor-type=\"wp-page\" data-elementor-id=\"1267\" class=\"elementor elementor-1267\">\n\t\t\t\t<div class=\"elementor-element elementor-element-da68086 e-flex e-con-boxed e-con e-parent\" data-id=\"da68086\" data-element_type=\"container\" data-e-type=\"container\">\n\t\t\t\t\t<div class=\"e-con-inner\">\n\t\t<div class=\"elementor-element elementor-element-88bf2c6 e-con-full e-flex e-con e-child\" data-id=\"88bf2c6\" data-element_type=\"container\" data-e-type=\"container\" data-settings=\"{&quot;background_background&quot;:&quot;classic&quot;}\">\n\t\t\t\t<div class=\"elementor-element elementor-element-4bf47a4 elementor-widget elementor-widget-heading\" data-id=\"4bf47a4\" data-element_type=\"widget\" data-e-type=\"widget\" data-widget_type=\"heading.default\">\n\t\t\t\t\t<h1 class=\"elementor-heading-title elementor-size-default\">U\u00f1as quebradizas: cuando se rompen y algo falta\n<\/h1>\t\t\t\t<\/div>\n\t\t\t\t<\/div>\n\t\t\t\t\t<\/div>\n\t\t\t\t<\/div>\n\t\t<div class=\"elementor-element elementor-element-7b8f2ca e-flex e-con-boxed e-con e-parent\" data-id=\"7b8f2ca\" data-element_type=\"container\" data-e-type=\"container\">\n\t\t\t\t\t<div class=\"e-con-inner\">\n\t\t<div class=\"elementor-element elementor-element-09a9b7a e-con-full e-flex e-con e-child\" data-id=\"09a9b7a\" data-element_type=\"container\" data-e-type=\"container\">\n\t\t\t\t<div class=\"elementor-element elementor-element-b70da3c elementor-widget elementor-widget-text-editor\" data-id=\"b70da3c\" data-element_type=\"widget\" data-e-type=\"widget\" data-widget_type=\"text-editor.default\">\n\t\t\t\t\t\t\t\t\t<p><span style=\"font-weight: 400;\">Las u\u00f1as quebradizas no son solo un tema est\u00e9tico.<\/span><span style=\"font-weight: 400;\"><br \/><\/span><span style=\"font-weight: 400;\"> Son una se\u00f1al de que algo en tu cuerpo o en tu rutina no est\u00e1 en equilibrio.<\/span><\/p><p><span style=\"font-weight: 400;\">Cuando las u\u00f1as se rompen, se abren o no crecen como deber\u00edan, necesitan m\u00e1s que esmalte: necesitan tratamiento.<\/span><\/p>\t\t\t\t\t\t\t\t<\/div>\n\t\t\t\t<\/div>\n\t\t\t\t\t<\/div>\n\t\t\t\t<\/div>\n\t\t<div class=\"elementor-element elementor-element-93bec7d e-flex e-con-boxed e-con e-parent\" data-id=\"93bec7d\" data-element_type=\"container\" data-e-type=\"container\">\n\t\t\t\t\t<div class=\"e-con-inner\">\n\t\t<div class=\"elementor-element elementor-element-248cff0 e-con-full e-flex e-con e-child\" data-id=\"248cff0\" data-element_type=\"container\" data-e-type=\"container\">\n\t\t\t\t<div class=\"elementor-element elementor-element-2154e11 elementor-widget elementor-widget-heading\" data-id=\"2154e11\" data-element_type=\"widget\" data-e-type=\"widget\" data-widget_type=\"heading.default\">\n\t\t\t\t\t<h2 class=\"elementor-heading-title elementor-size-default\">\u00bfC\u00f3mo saber si tus u\u00f1as necesitan tratamiento?<\/h2>\t\t\t\t<\/div>\n\t\t\t\t<div class=\"elementor-element elementor-element-ad6037b elementor-widget elementor-widget-text-editor\" data-id=\"ad6037b\" data-element_type=\"widget\" data-e-type=\"widget\" data-widget_type=\"text-editor.default\">\n\t\t\t\t\t\t\t\t\t<p><span style=\"font-weight: 400;\">Tus u\u00f1as hablan m\u00e1s de lo que parece:<\/span><\/p><ul><li style=\"font-weight: 400;\" aria-level=\"1\"><span style=\"font-weight: 400;\">U\u00f1as que se rompen o se abren con facilidad<\/span><\/li><li style=\"font-weight: 400;\" aria-level=\"1\"><span style=\"font-weight: 400;\">Capas que se desprenden o se descaman<\/span><\/li><li style=\"font-weight: 400;\" aria-level=\"1\"><span style=\"font-weight: 400;\">Crecimiento lento o irregular<\/span><\/li><li style=\"font-weight: 400;\" aria-level=\"1\"><span style=\"font-weight: 400;\">U\u00f1as blandas o demasiado fr\u00e1giles<\/span><\/li><li style=\"font-weight: 400;\" aria-level=\"1\"><span style=\"font-weight: 400;\">Superficie con l\u00edneas o aspecto debilitado<\/span><\/li><\/ul>\t\t\t\t\t\t\t\t<\/div>\n\t\t\t\t<div class=\"elementor-element elementor-element-5afcb59 elementor-widget elementor-widget-button\" data-id=\"5afcb59\" data-element_type=\"widget\" data-e-type=\"widget\" data-widget_type=\"button.default\">\n\t\t\t\t\t\t\t\t\t\t<a class=\"elementor-button elementor-button-link elementor-size-sm\" href=\"https:\/\/epitelia.site.agendapro.com\/mx\" target=\"_blank\" rel=\"noopener\">\n\t\t\t\t\t\t<span class=\"elementor-button-content-wrapper\">\n\t\t\t\t\t\t\t\t\t<span class=\"elementor-button-text\">Agenda tu Consulta<\/span>\n\t\t\t\t\t<\/span>\n\t\t\t\t\t<\/a>\n\t\t\t\t\t\t\t\t<\/div>\n\t\t\t\t<\/div>\n\t\t<div class=\"elementor-element elementor-element-c7ca87a e-con-full e-flex e-con e-child\" data-id=\"c7ca87a\" data-element_type=\"container\" data-e-type=\"container\">\n\t\t<div class=\"elementor-element elementor-element-c6e8e65 e-con-full e-flex e-con e-child\" data-id=\"c6e8e65\" data-element_type=\"container\" data-e-type=\"container\">\n\t\t\t\t<div class=\"elementor-element elementor-element-5c8454b elementor-widget elementor-widget-image\" data-id=\"5c8454b\" data-element_type=\"widget\" data-e-type=\"widget\" data-widget_type=\"image.default\">\n\t\t\t\t\t\t\t\t\t\t\t\t\t\t\t<img fetchpriority=\"high\" decoding=\"async\" width=\"1024\" height=\"819\" src=\"https:\/\/www.epitelia.mx\/wp-content\/uploads\/2026\/04\/Clinica_epitelia_Unasquebradizas-1024x819.webp\" class=\"attachment-large size-large wp-image-1271\" alt=\"\" srcset=\"https:\/\/www.epitelia.mx\/wp-content\/uploads\/2026\/04\/Clinica_epitelia_Unasquebradizas-1024x819.webp 1024w, https:\/\/www.epitelia.mx\/wp-content\/uploads\/2026\/04\/Clinica_epitelia_Unasquebradizas-300x240.webp 300w, https:\/\/www.epitelia.mx\/wp-content\/uploads\/2026\/04\/Clinica_epitelia_Unasquebradizas-768x614.webp 768w, https:\/\/www.epitelia.mx\/wp-content\/uploads\/2026\/04\/Clinica_epitelia_Unasquebradizas-15x12.webp 15w, https:\/\/www.epitelia.mx\/wp-content\/uploads\/2026\/04\/Clinica_epitelia_Unasquebradizas.webp 1350w\" sizes=\"(max-width: 1024px) 100vw, 1024px\" \/>\t\t\t\t\t\t\t\t\t\t\t\t\t\t\t<\/div>\n\t\t\t\t<\/div>\n\t\t\t\t<\/div>\n\t\t\t\t\t<\/div>\n\t\t\t\t<\/div>\n\t\t<div class=\"elementor-element elementor-element-eda7ff1 e-flex e-con-boxed e-con e-parent\" data-id=\"eda7ff1\" data-element_type=\"container\" data-e-type=\"container\">\n\t\t\t\t\t<div class=\"e-con-inner\">\n\t\t<div class=\"elementor-element elementor-element-6a80edf e-con-full e-flex e-con e-child\" data-id=\"6a80edf\" data-element_type=\"container\" data-e-type=\"container\">\n\t\t\t\t<div class=\"elementor-element elementor-element-42649df elementor-widget elementor-widget-heading\" data-id=\"42649df\" data-element_type=\"widget\" data-e-type=\"widget\" data-widget_type=\"heading.default\">\n\t\t\t\t\t<h3 class=\"elementor-heading-title elementor-size-default\">\u00bfCu\u00e1les podr\u00edan ser los tratamientos para u\u00f1as quebradizas?<\/h3>\t\t\t\t<\/div>\n\t\t\t\t<div class=\"elementor-element elementor-element-bf2fb02 elementor-widget elementor-widget-text-editor\" data-id=\"bf2fb02\" data-element_type=\"widget\" data-e-type=\"widget\" data-widget_type=\"text-editor.default\">\n\t\t\t\t\t\t\t\t\t<p><span style=\"font-weight: 400;\">El objetivo es fortalecerlas desde la ra\u00edz, no solo mejorar su apariencia.<\/span><\/p><p><span style=\"font-weight: 400;\">Dependiendo de la causa, se pueden utilizar:<\/span><\/p>\t\t\t\t\t\t\t\t<\/div>\n\t\t\t\t<\/div>\n\t\t\t\t\t<\/div>\n\t\t\t\t<\/div>\n\t\t<div class=\"elementor-element elementor-element-8887880 e-grid e-con-boxed e-con e-parent\" data-id=\"8887880\" data-element_type=\"container\" data-e-type=\"container\">\n\t\t\t\t\t<div class=\"e-con-inner\">\n\t\t<div class=\"elementor-element elementor-element-fccfcc2 e-con-full e-flex e-con e-child\" data-id=\"fccfcc2\" data-element_type=\"container\" data-e-type=\"container\">\n\t\t\t\t<div class=\"elementor-element elementor-element-ab1879e elementor-widget elementor-widget-text-editor\" data-id=\"ab1879e\" data-element_type=\"widget\" data-e-type=\"widget\" data-widget_type=\"text-editor.default\">\n\t\t\t\t\t\t\t\t\t<p><b>Tratamientos dermatol\u00f3gicos fortalecedores<\/b><span style=\"font-weight: 400;\"> para mejorar la estructura de la u\u00f1a<\/span><\/p>\t\t\t\t\t\t\t\t<\/div>\n\t\t\t\t<\/div>\n\t\t<div class=\"elementor-element elementor-element-fce43c1 e-con-full e-flex e-con e-child\" data-id=\"fce43c1\" data-element_type=\"container\" data-e-type=\"container\">\n\t\t\t\t<div class=\"elementor-element elementor-element-12ac9fc elementor-widget elementor-widget-text-editor\" data-id=\"12ac9fc\" data-element_type=\"widget\" data-e-type=\"widget\" data-widget_type=\"text-editor.default\">\n\t\t\t\t\t\t\t\t\t<p><b>Suplementaci\u00f3n espec\u00edfica<\/b><span style=\"font-weight: 400;\"> en caso de deficiencias<\/span><\/p>\t\t\t\t\t\t\t\t<\/div>\n\t\t\t\t<\/div>\n\t\t<div class=\"elementor-element elementor-element-4a901ef e-con-full e-flex e-con e-child\" data-id=\"4a901ef\" data-element_type=\"container\" data-e-type=\"container\">\n\t\t\t\t<div class=\"elementor-element elementor-element-9745c72 elementor-widget elementor-widget-text-editor\" data-id=\"9745c72\" data-element_type=\"widget\" data-e-type=\"widget\" data-widget_type=\"text-editor.default\">\n\t\t\t\t\t\t\t\t\t<p><b>Rutinas de cuidado personalizadas<\/b><span style=\"font-weight: 400;\"> para protegerlas del da\u00f1o externo<\/span><\/p>\t\t\t\t\t\t\t\t<\/div>\n\t\t\t\t<\/div>\n\t\t<div class=\"elementor-element elementor-element-42b8757 e-con-full e-flex e-con e-child\" data-id=\"42b8757\" data-element_type=\"container\" data-e-type=\"container\">\n\t\t\t\t<div class=\"elementor-element elementor-element-e36ecf9 elementor-widget elementor-widget-text-editor\" data-id=\"e36ecf9\" data-element_type=\"widget\" data-e-type=\"widget\" data-widget_type=\"text-editor.default\">\n\t\t\t\t\t\t\t\t\t<p><b>Evaluaci\u00f3n m\u00e9dica<\/b><span style=\"font-weight: 400;\"> para descartar causas internas<\/span><\/p>\t\t\t\t\t\t\t\t<\/div>\n\t\t\t\t<\/div>\n\t\t\t\t\t<\/div>\n\t\t\t\t<\/div>\n\t\t<div class=\"elementor-element elementor-element-f7f9db5 e-flex e-con-boxed e-con e-parent\" data-id=\"f7f9db5\" data-element_type=\"container\" data-e-type=\"container\">\n\t\t\t\t\t<div class=\"e-con-inner\">\n\t\t\t\t<div class=\"elementor-element elementor-element-4df351e elementor-widget elementor-widget-text-editor\" data-id=\"4df351e\" data-element_type=\"widget\" data-e-type=\"widget\" data-widget_type=\"text-editor.default\">\n\t\t\t\t\t\t\t\t\t<p><span style=\"font-weight: 400;\">El enfoque es claro: u\u00f1as m\u00e1s fuertes, saludables y resistentes.<\/span><\/p>\t\t\t\t\t\t\t\t<\/div>\n\t\t\t\t<div class=\"elementor-element elementor-element-b58dfad elementor-widget elementor-widget-spacer\" data-id=\"b58dfad\" data-element_type=\"widget\" data-e-type=\"widget\" data-widget_type=\"spacer.default\">\n\t\t\t\t\t\t\t<div class=\"elementor-spacer\">\n\t\t\t<div class=\"elementor-spacer-inner\"><\/div>\n\t\t<\/div>\n\t\t\t\t\t\t<\/div>\n\t\t\t\t\t<\/div>\n\t\t\t\t<\/div>\n\t\t<div class=\"elementor-element elementor-element-5474db93 e-flex e-con-boxed e-con e-parent\" data-id=\"5474db93\" data-element_type=\"container\" data-e-type=\"container\" data-settings=\"{&quot;background_background&quot;:&quot;classic&quot;}\">\n\t\t\t\t\t<div class=\"e-con-inner\">\n\t\t<div class=\"elementor-element elementor-element-5e8938af e-con-full e-flex e-con e-child\" data-id=\"5e8938af\" data-element_type=\"container\" data-e-type=\"container\">\n\t\t\t\t<div class=\"elementor-element elementor-element-dde68dc elementor-widget elementor-widget-heading\" data-id=\"dde68dc\" data-element_type=\"widget\" data-e-type=\"widget\" data-widget_type=\"heading.default\">\n\t\t\t\t\t<h2 class=\"elementor-heading-title elementor-size-default\">La constancia es la mejor soluci\u00f3n<\/h2>\t\t\t\t<\/div>\n\t\t\t\t<div class=\"elementor-element elementor-element-9a3a3b1 elementor-widget elementor-widget-text-editor\" data-id=\"9a3a3b1\" data-element_type=\"widget\" data-e-type=\"widget\" data-widget_type=\"text-editor.default\">\n\t\t\t\t\t\t\t\t\t<p><span style=\"font-weight: 400;\">Las u\u00f1as toman tiempo en regenerarse, pero s\u00ed responden cuando se tratan correctamente.<\/span><\/p><p><span style=\"font-weight: 400;\">Un especialista puede ayudarte a:<\/span><\/p><ul><li style=\"font-weight: 400;\" aria-level=\"1\"><span style=\"font-weight: 400;\">Detectar la causa real del problema<\/span><\/li><li style=\"font-weight: 400;\" aria-level=\"1\"><span style=\"font-weight: 400;\">Elegir el tratamiento adecuado<\/span><\/li><li style=\"font-weight: 400;\" aria-level=\"1\"><span style=\"font-weight: 400;\">Evitar que el da\u00f1o contin\u00fae<\/span><\/li><\/ul><p><span style=\"font-weight: 400;\">El cambio no es inmediato, pero s\u00ed es progresivo y visible.<\/span><\/p><p><b>Agenda tu consulta y fortalece tus u\u00f1as con un tratamiento hecho para ti.<\/b><\/p>\t\t\t\t\t\t\t\t<\/div>\n\t\t\t\t<div class=\"elementor-element elementor-element-44523d2e elementor-widget elementor-widget-button\" data-id=\"44523d2e\" data-element_type=\"widget\" data-e-type=\"widget\" data-widget_type=\"button.default\">\n\t\t\t\t\t\t\t\t\t\t<a class=\"elementor-button elementor-button-link elementor-size-sm\" href=\"https:\/\/epitelia.site.agendapro.com\/mx\" target=\"_blank\" rel=\"noopener\">\n\t\t\t\t\t\t<span class=\"elementor-button-content-wrapper\">\n\t\t\t\t\t\t\t\t\t<span class=\"elementor-button-text\">Agenda tu Consulta<\/span>\n\t\t\t\t\t<\/span>\n\t\t\t\t\t<\/a>\n\t\t\t\t\t\t\t\t<\/div>\n\t\t\t\t<\/div>\n\t\t<div class=\"elementor-element elementor-element-4bbf19b0 e-con-full e-flex e-con e-child\" data-id=\"4bbf19b0\" data-element_type=\"container\" data-e-type=\"container\">\n\t\t\t\t<div class=\"elementor-element elementor-element-78f6ca2d elementor-widget elementor-widget-image\" data-id=\"78f6ca2d\" data-element_type=\"widget\" data-e-type=\"widget\" data-widget_type=\"image.default\">\n\t\t\t\t\t\t\t\t\t\t\t\t\t\t\t<img decoding=\"async\" width=\"1024\" height=\"885\" src=\"https:\/\/www.epitelia.mx\/wp-content\/uploads\/2026\/04\/Consulta_Epitelia-1024x885.webp\" class=\"attachment-large size-large wp-image-1115\" alt=\"\" srcset=\"https:\/\/www.epitelia.mx\/wp-content\/uploads\/2026\/04\/Consulta_Epitelia-1024x885.webp 1024w, https:\/\/www.epitelia.mx\/wp-content\/uploads\/2026\/04\/Consulta_Epitelia-300x259.webp 300w, https:\/\/www.epitelia.mx\/wp-content\/uploads\/2026\/04\/Consulta_Epitelia-768x664.webp 768w, https:\/\/www.epitelia.mx\/wp-content\/uploads\/2026\/04\/Consulta_Epitelia-14x12.webp 14w, https:\/\/www.epitelia.mx\/wp-content\/uploads\/2026\/04\/Consulta_Epitelia.webp 1250w\" sizes=\"(max-width: 1024px) 100vw, 1024px\" \/>\t\t\t\t\t\t\t\t\t\t\t\t\t\t\t<\/div>\n\t\t\t\t<\/div>\n\t\t\t\t\t<\/div>\n\t\t\t\t<\/div>\n\t\t\t\t<\/div>","protected":false},"excerpt":{"rendered":"<p>U\u00f1as quebradizas: cuando se rompen y algo falta Las u\u00f1as quebradizas no son solo un tema est\u00e9tico. Son una se\u00f1al de que algo en tu cuerpo o en tu rutina no est\u00e1 en equilibrio. Cuando las u\u00f1as se rompen, se abren o no crecen como deber\u00edan, necesitan m\u00e1s que esmalte: necesitan tratamiento. \u00bfC\u00f3mo saber si [&hellip;]<\/p>\n","protected":false},"author":3,"featured_media":0,"parent":196,"menu_order":0,"comment_status":"closed","ping_status":"closed","template":"","meta":{"_acf_changed":false,"footnotes":""},"class_list":["post-1267","page","type-page","status-publish","hentry"],"acf":[],"_links":{"self":[{"href":"https:\/\/www.epitelia.mx\/en\/wp-json\/wp\/v2\/pages\/1267","targetHints":{"allow":["GET"]}}],"collection":[{"href":"https:\/\/www.epitelia.mx\/en\/wp-json\/wp\/v2\/pages"}],"about":[{"href":"https:\/\/www.epitelia.mx\/en\/wp-json\/wp\/v2\/types\/page"}],"author":[{"embeddable":true,"href":"https:\/\/www.epitelia.mx\/en\/wp-json\/wp\/v2\/users\/3"}],"replies":[{"embeddable":true,"href":"https:\/\/www.epitelia.mx\/en\/wp-json\/wp\/v2\/comments?post=1267"}],"version-history":[{"count":4,"href":"https:\/\/www.epitelia.mx\/en\/wp-json\/wp\/v2\/pages\/1267\/revisions"}],"predecessor-version":[{"id":1274,"href":"https:\/\/www.epitelia.mx\/en\/wp-json\/wp\/v2\/pages\/1267\/revisions\/1274"}],"up":[{"embeddable":true,"href":"https:\/\/www.epitelia.mx\/en\/wp-json\/wp\/v2\/pages\/196"}],"wp:attachment":[{"href":"https:\/\/www.epitelia.mx\/en\/wp-json\/wp\/v2\/media?parent=1267"}],"curies":[{"name":"wp","href":"https:\/\/api.w.org\/{rel}","templated":true}]}}