{"id":1287,"date":"2026-04-14T01:18:14","date_gmt":"2026-04-14T01:18:14","guid":{"rendered":"https:\/\/www.epitelia.mx\/?page_id=1287"},"modified":"2026-04-14T01:37:41","modified_gmt":"2026-04-14T01:37:41","slug":"psoriasis","status":"publish","type":"page","link":"https:\/\/www.epitelia.mx\/en\/dermatologia-clinica\/psoriasis\/","title":{"rendered":"Psoriasis"},"content":{"rendered":"<div data-elementor-type=\"wp-page\" data-elementor-id=\"1287\" class=\"elementor elementor-1287\">\n\t\t\t\t<div class=\"elementor-element elementor-element-fe8fd00 e-flex e-con-boxed e-con e-parent\" data-id=\"fe8fd00\" data-element_type=\"container\" data-e-type=\"container\">\n\t\t\t\t\t<div class=\"e-con-inner\">\n\t\t<div class=\"elementor-element elementor-element-5754136 e-con-full e-flex e-con e-child\" data-id=\"5754136\" data-element_type=\"container\" data-e-type=\"container\" data-settings=\"{&quot;background_background&quot;:&quot;classic&quot;}\">\n\t\t\t\t<div class=\"elementor-element elementor-element-b7368b0 elementor-widget elementor-widget-heading\" data-id=\"b7368b0\" data-element_type=\"widget\" data-e-type=\"widget\" data-widget_type=\"heading.default\">\n\t\t\t\t\t<h1 class=\"elementor-heading-title elementor-size-default\"> Psoriasis en la piel: entenderla es el primer paso para controlarla<\/h1>\t\t\t\t<\/div>\n\t\t\t\t<\/div>\n\t\t\t\t\t<\/div>\n\t\t\t\t<\/div>\n\t\t<div class=\"elementor-element elementor-element-f3a152e e-flex e-con-boxed e-con e-parent\" data-id=\"f3a152e\" data-element_type=\"container\" data-e-type=\"container\">\n\t\t\t\t\t<div class=\"e-con-inner\">\n\t\t<div class=\"elementor-element elementor-element-5c5c841 e-con-full e-flex e-con e-child\" data-id=\"5c5c841\" data-element_type=\"container\" data-e-type=\"container\">\n\t\t\t\t<div class=\"elementor-element elementor-element-7510878 elementor-widget elementor-widget-text-editor\" data-id=\"7510878\" data-element_type=\"widget\" data-e-type=\"widget\" data-widget_type=\"text-editor.default\">\n\t\t\t\t\t\t\t\t\t<p><span style=\"font-weight: 400;\">La psoriasis en la piel no es solo resequedad o irritaci\u00f3n.<\/span><span style=\"font-weight: 400;\"><br \/><\/span><span style=\"font-weight: 400;\"> Es una condici\u00f3n cr\u00f3nica que acelera el proceso de renovaci\u00f3n celular, haciendo que la piel se acumule, se inflame y se vuelva m\u00e1s sensible.<\/span><\/p><p><span style=\"font-weight: 400;\">Puede aparecer por etapas, pero con el tratamiento adecuado se puede controlar y mejorar de forma significativa.<\/span><\/p>\t\t\t\t\t\t\t\t<\/div>\n\t\t\t\t<\/div>\n\t\t\t\t\t<\/div>\n\t\t\t\t<\/div>\n\t\t<div class=\"elementor-element elementor-element-a596fac e-flex e-con-boxed e-con e-parent\" data-id=\"a596fac\" data-element_type=\"container\" data-e-type=\"container\">\n\t\t\t\t\t<div class=\"e-con-inner\">\n\t\t<div class=\"elementor-element elementor-element-ef83db6 e-con-full e-flex e-con e-child\" data-id=\"ef83db6\" data-element_type=\"container\" data-e-type=\"container\">\n\t\t\t\t<div class=\"elementor-element elementor-element-6bff299 elementor-widget elementor-widget-heading\" data-id=\"6bff299\" data-element_type=\"widget\" data-e-type=\"widget\" data-widget_type=\"heading.default\">\n\t\t\t\t\t<h2 class=\"elementor-heading-title elementor-size-default\">\u00bfC\u00f3mo identificar la psoriasis en la piel?<\/h2>\t\t\t\t<\/div>\n\t\t\t\t<div class=\"elementor-element elementor-element-dbdfa49 elementor-widget elementor-widget-text-editor\" data-id=\"dbdfa49\" data-element_type=\"widget\" data-e-type=\"widget\" data-widget_type=\"text-editor.default\">\n\t\t\t\t\t\t\t\t\t<p><span style=\"font-weight: 400;\">La psoriasis tiene caracter\u00edsticas muy espec\u00edficas que pueden variar en intensidad:<\/span><\/p><ul><li style=\"font-weight: 400;\" aria-level=\"1\"><span style=\"font-weight: 400;\">Placas gruesas en la piel con escamas blanquecinas<\/span><\/li><li style=\"font-weight: 400;\" aria-level=\"1\"><span style=\"font-weight: 400;\">Enrojecimiento e inflamaci\u00f3n en zonas como codos, rodillas o cuero cabelludo<\/span><\/li><li style=\"font-weight: 400;\" aria-level=\"1\"><span style=\"font-weight: 400;\">Picaz\u00f3n o sensaci\u00f3n de ardor<\/span><\/li><li style=\"font-weight: 400;\" aria-level=\"1\"><span style=\"font-weight: 400;\">Piel seca que puede agrietarse o sangrar<\/span><\/li><li style=\"font-weight: 400;\" aria-level=\"1\"><span style=\"font-weight: 400;\">Brotes que aparecen y desaparecen con el tiempo<\/span><\/li><\/ul>\t\t\t\t\t\t\t\t<\/div>\n\t\t\t\t<div class=\"elementor-element elementor-element-094e21d elementor-widget elementor-widget-button\" data-id=\"094e21d\" data-element_type=\"widget\" data-e-type=\"widget\" data-widget_type=\"button.default\">\n\t\t\t\t\t\t\t\t\t\t<a class=\"elementor-button elementor-button-link elementor-size-sm\" href=\"https:\/\/epitelia.site.agendapro.com\/mx\" target=\"_blank\" rel=\"noopener\">\n\t\t\t\t\t\t<span class=\"elementor-button-content-wrapper\">\n\t\t\t\t\t\t\t\t\t<span class=\"elementor-button-text\">Agenda tu Consulta<\/span>\n\t\t\t\t\t<\/span>\n\t\t\t\t\t<\/a>\n\t\t\t\t\t\t\t\t<\/div>\n\t\t\t\t<\/div>\n\t\t<div class=\"elementor-element elementor-element-34cc5c3 e-con-full e-flex e-con e-child\" data-id=\"34cc5c3\" data-element_type=\"container\" data-e-type=\"container\">\n\t\t\t\t<div class=\"elementor-element elementor-element-1b25bd9 elementor-widget elementor-widget-image\" data-id=\"1b25bd9\" data-element_type=\"widget\" data-e-type=\"widget\" data-widget_type=\"image.default\">\n\t\t\t\t\t\t\t\t\t\t\t\t\t\t\t<img fetchpriority=\"high\" decoding=\"async\" width=\"1024\" height=\"819\" src=\"https:\/\/www.epitelia.mx\/wp-content\/uploads\/2026\/04\/Clinica_epitelia_psoriasis-1024x819.webp\" class=\"attachment-large size-large wp-image-1291\" alt=\"\" srcset=\"https:\/\/www.epitelia.mx\/wp-content\/uploads\/2026\/04\/Clinica_epitelia_psoriasis-1024x819.webp 1024w, https:\/\/www.epitelia.mx\/wp-content\/uploads\/2026\/04\/Clinica_epitelia_psoriasis-300x240.webp 300w, https:\/\/www.epitelia.mx\/wp-content\/uploads\/2026\/04\/Clinica_epitelia_psoriasis-768x614.webp 768w, https:\/\/www.epitelia.mx\/wp-content\/uploads\/2026\/04\/Clinica_epitelia_psoriasis-15x12.webp 15w, https:\/\/www.epitelia.mx\/wp-content\/uploads\/2026\/04\/Clinica_epitelia_psoriasis.webp 1350w\" sizes=\"(max-width: 1024px) 100vw, 1024px\" \/>\t\t\t\t\t\t\t\t\t\t\t\t\t\t\t<\/div>\n\t\t\t\t<\/div>\n\t\t\t\t\t<\/div>\n\t\t\t\t<\/div>\n\t\t<div class=\"elementor-element elementor-element-eb136e2 e-flex e-con-boxed e-con e-parent\" data-id=\"eb136e2\" data-element_type=\"container\" data-e-type=\"container\" data-settings=\"{&quot;background_background&quot;:&quot;classic&quot;}\">\n\t\t\t\t\t<div class=\"e-con-inner\">\n\t\t\t\t<div class=\"elementor-element elementor-element-537bf86 elementor-widget elementor-widget-heading\" data-id=\"537bf86\" data-element_type=\"widget\" data-e-type=\"widget\" data-widget_type=\"heading.default\">\n\t\t\t\t\t<h3 class=\"elementor-heading-title elementor-size-default\">Mitos sobre la psoriasis\n<\/h3>\t\t\t\t<\/div>\n\t\t\t\t<div class=\"elementor-element elementor-element-d4e1622 elementor-widget elementor-widget-text-editor\" data-id=\"d4e1622\" data-element_type=\"widget\" data-e-type=\"widget\" data-widget_type=\"text-editor.default\">\n\t\t\t\t\t\t\t\t\t<p><span style=\"font-weight: 400;\">Hay mucha desinformaci\u00f3n alrededor de esta condici\u00f3n, aqu\u00ed aclaramos lo m\u00e1s importante:<\/span><\/p>\t\t\t\t\t\t\t\t<\/div>\n\t\t\t\t\t<\/div>\n\t\t\t\t<\/div>\n\t\t<div class=\"elementor-element elementor-element-13e18a1 e-grid e-con-boxed e-con e-parent\" data-id=\"13e18a1\" data-element_type=\"container\" data-e-type=\"container\" data-settings=\"{&quot;background_background&quot;:&quot;classic&quot;}\">\n\t\t\t\t\t<div class=\"e-con-inner\">\n\t\t<div class=\"elementor-element elementor-element-e2dc328 e-con-full e-flex e-con e-child\" data-id=\"e2dc328\" data-element_type=\"container\" data-e-type=\"container\">\n\t\t\t\t<div class=\"elementor-element elementor-element-a888500 elementor-widget elementor-widget-text-editor\" data-id=\"a888500\" data-element_type=\"widget\" data-e-type=\"widget\" data-widget_type=\"text-editor.default\">\n\t\t\t\t\t\t\t\t\t<p><b>\u201cLa psoriasis es contagiosa\u201d<\/b><b><br \/><\/b><span style=\"font-weight: 400;\"> No lo es. No se transmite por contacto.<\/span><\/p>\t\t\t\t\t\t\t\t<\/div>\n\t\t\t\t<\/div>\n\t\t<div class=\"elementor-element elementor-element-53eaa74 e-con-full e-flex e-con e-child\" data-id=\"53eaa74\" data-element_type=\"container\" data-e-type=\"container\">\n\t\t\t\t<div class=\"elementor-element elementor-element-592c2ee elementor-widget elementor-widget-text-editor\" data-id=\"592c2ee\" data-element_type=\"widget\" data-e-type=\"widget\" data-widget_type=\"text-editor.default\">\n\t\t\t\t\t\t\t\t\t<p><b>\u201cSolo es un problema est\u00e9tico\u201d<\/b><b><br \/><\/b><span style=\"font-weight: 400;\"> No. Es una condici\u00f3n inflamatoria que requiere atenci\u00f3n m\u00e9dica.<\/span><\/p>\t\t\t\t\t\t\t\t<\/div>\n\t\t\t\t<\/div>\n\t\t<div class=\"elementor-element elementor-element-cd1cb0c e-con-full e-flex e-con e-child\" data-id=\"cd1cb0c\" data-element_type=\"container\" data-e-type=\"container\">\n\t\t\t\t<div class=\"elementor-element elementor-element-ea8b1e2 elementor-widget elementor-widget-text-editor\" data-id=\"ea8b1e2\" data-element_type=\"widget\" data-e-type=\"widget\" data-widget_type=\"text-editor.default\">\n\t\t\t\t\t\t\t\t\t<p><b>\u201cSe cura con cremas\u201d<\/b><b><br \/><\/b><span style=\"font-weight: 400;\"> No siempre. El tratamiento depende del tipo y severidad.<\/span><\/p>\t\t\t\t\t\t\t\t<\/div>\n\t\t\t\t<\/div>\n\t\t<div class=\"elementor-element elementor-element-fcb70be e-con-full e-flex e-con e-child\" data-id=\"fcb70be\" data-element_type=\"container\" data-e-type=\"container\">\n\t\t\t\t<div class=\"elementor-element elementor-element-6354840 elementor-widget elementor-widget-text-editor\" data-id=\"6354840\" data-element_type=\"widget\" data-e-type=\"widget\" data-widget_type=\"text-editor.default\">\n\t\t\t\t\t\t\t\t\t<p><b>\u201cDesaparece sola\u201d<\/b><b><br \/><\/b><span style=\"font-weight: 400;\"> Puede mejorar, pero sin tratamiento suele regresar.<\/span><\/p>\t\t\t\t\t\t\t\t<\/div>\n\t\t\t\t<\/div>\n\t\t<div class=\"elementor-element elementor-element-ca7c284 e-con-full e-flex e-con e-child\" data-id=\"ca7c284\" data-element_type=\"container\" data-e-type=\"container\">\n\t\t\t\t<div class=\"elementor-element elementor-element-0396cdc elementor-widget elementor-widget-text-editor\" data-id=\"0396cdc\" data-element_type=\"widget\" data-e-type=\"widget\" data-widget_type=\"text-editor.default\">\n\t\t\t\t\t\t\t\t\t<p><b>\u201cNo tiene soluci\u00f3n\u201d<\/b><b><br \/><\/b><span style=\"font-weight: 400;\"> S\u00ed tiene control. Con el tratamiento adecuado se pueden reducir los brotes significativamente.<\/span><\/p>\t\t\t\t\t\t\t\t<\/div>\n\t\t\t\t<\/div>\n\t\t\t\t\t<\/div>\n\t\t\t\t<\/div>\n\t\t<div class=\"elementor-element elementor-element-074a7ed e-flex e-con-boxed e-con e-parent\" data-id=\"074a7ed\" data-element_type=\"container\" data-e-type=\"container\">\n\t\t\t\t\t<div class=\"e-con-inner\">\n\t\t<div class=\"elementor-element elementor-element-8afa220 e-con-full e-flex e-con e-child\" data-id=\"8afa220\" data-element_type=\"container\" data-e-type=\"container\">\n\t\t\t\t<div class=\"elementor-element elementor-element-15a0318 elementor-widget elementor-widget-heading\" data-id=\"15a0318\" data-element_type=\"widget\" data-e-type=\"widget\" data-widget_type=\"heading.default\">\n\t\t\t\t\t<h2 class=\"elementor-heading-title elementor-size-default\">Posibles tratamientos para psoriasis en la piel<\/h2>\t\t\t\t<\/div>\n\t\t\t\t<div class=\"elementor-element elementor-element-255d562 elementor-widget elementor-widget-text-editor\" data-id=\"255d562\" data-element_type=\"widget\" data-e-type=\"widget\" data-widget_type=\"text-editor.default\">\n\t\t\t\t\t\t\t\t\t<p><span style=\"font-weight: 400;\">El enfoque no es solo aliviar el s\u00edntoma, sino controlar la condici\u00f3n.<\/span><\/p><p><span style=\"font-weight: 400;\">Dependiendo de cada caso, se pueden utilizar:<\/span><\/p><ul><li style=\"font-weight: 400;\" aria-level=\"1\"><b>Tratamientos dermatol\u00f3gicos t\u00f3picos<\/b><span style=\"font-weight: 400;\"> para reducir inflamaci\u00f3n y descamaci\u00f3n<\/span><\/li><li style=\"font-weight: 400;\" aria-level=\"1\"><b>Medicamentos espec\u00edficos<\/b><span style=\"font-weight: 400;\"> en casos moderados o severos<\/span><\/li><li style=\"font-weight: 400;\" aria-level=\"1\"><b>Terapias con luz (fototerapia)<\/b><span style=\"font-weight: 400;\"> para regular la regeneraci\u00f3n de la piel<\/span><\/li><li style=\"font-weight: 400;\" aria-level=\"1\"><b>Rutinas personalizadas<\/b><span style=\"font-weight: 400;\"> para mantener la piel estable<\/span><\/li><\/ul><p><span style=\"font-weight: 400;\">El objetivo es claro: disminuir brotes, mejorar la textura y recuperar el equilibrio de la piel.<\/span><\/p>\t\t\t\t\t\t\t\t<\/div>\n\t\t\t\t<\/div>\n\t\t<div class=\"elementor-element elementor-element-768333f e-con-full e-flex e-con e-child\" data-id=\"768333f\" data-element_type=\"container\" data-e-type=\"container\">\n\t\t\t\t<div class=\"elementor-element elementor-element-45c9e19 elementor-widget elementor-widget-image\" data-id=\"45c9e19\" data-element_type=\"widget\" data-e-type=\"widget\" data-widget_type=\"image.default\">\n\t\t\t\t\t\t\t\t\t\t\t\t\t\t\t<img decoding=\"async\" width=\"1024\" height=\"819\" src=\"https:\/\/www.epitelia.mx\/wp-content\/uploads\/2026\/04\/Clinica_epitelia_Psoriasis_2-1024x819.webp\" class=\"attachment-large size-large wp-image-1292\" alt=\"\" srcset=\"https:\/\/www.epitelia.mx\/wp-content\/uploads\/2026\/04\/Clinica_epitelia_Psoriasis_2-1024x819.webp 1024w, https:\/\/www.epitelia.mx\/wp-content\/uploads\/2026\/04\/Clinica_epitelia_Psoriasis_2-300x240.webp 300w, https:\/\/www.epitelia.mx\/wp-content\/uploads\/2026\/04\/Clinica_epitelia_Psoriasis_2-768x614.webp 768w, https:\/\/www.epitelia.mx\/wp-content\/uploads\/2026\/04\/Clinica_epitelia_Psoriasis_2-15x12.webp 15w, https:\/\/www.epitelia.mx\/wp-content\/uploads\/2026\/04\/Clinica_epitelia_Psoriasis_2.webp 1350w\" sizes=\"(max-width: 1024px) 100vw, 1024px\" \/>\t\t\t\t\t\t\t\t\t\t\t\t\t\t\t<\/div>\n\t\t\t\t<\/div>\n\t\t\t\t\t<\/div>\n\t\t\t\t<\/div>\n\t\t<div class=\"elementor-element elementor-element-eeca52c e-flex e-con-boxed e-con e-parent\" data-id=\"eeca52c\" data-element_type=\"container\" data-e-type=\"container\">\n\t\t\t\t\t<div class=\"e-con-inner\">\n\t\t\t\t<div class=\"elementor-element elementor-element-623d34e elementor-widget elementor-widget-text-editor\" data-id=\"623d34e\" data-element_type=\"widget\" data-e-type=\"widget\" data-widget_type=\"text-editor.default\">\n\t\t\t\t\t\t\t\t\t<p><span style=\"font-weight: 400;\">El objetivo es claro: disminuir brotes, mejorar la textura y recuperar el equilibrio de la piel.<\/span><\/p>\t\t\t\t\t\t\t\t<\/div>\n\t\t\t\t<div class=\"elementor-element elementor-element-c3dfeb0 elementor-widget elementor-widget-spacer\" data-id=\"c3dfeb0\" data-element_type=\"widget\" data-e-type=\"widget\" data-widget_type=\"spacer.default\">\n\t\t\t\t\t\t\t<div class=\"elementor-spacer\">\n\t\t\t<div class=\"elementor-spacer-inner\"><\/div>\n\t\t<\/div>\n\t\t\t\t\t\t<\/div>\n\t\t\t\t\t<\/div>\n\t\t\t\t<\/div>\n\t\t<div class=\"elementor-element elementor-element-52407fd0 e-flex e-con-boxed e-con e-parent\" data-id=\"52407fd0\" data-element_type=\"container\" data-e-type=\"container\" data-settings=\"{&quot;background_background&quot;:&quot;classic&quot;}\">\n\t\t\t\t\t<div class=\"e-con-inner\">\n\t\t<div class=\"elementor-element elementor-element-2a3c0e22 e-con-full e-flex e-con e-child\" data-id=\"2a3c0e22\" data-element_type=\"container\" data-e-type=\"container\">\n\t\t\t\t<div class=\"elementor-element elementor-element-563a9830 elementor-widget elementor-widget-heading\" data-id=\"563a9830\" data-element_type=\"widget\" data-e-type=\"widget\" data-widget_type=\"heading.default\">\n\t\t\t\t\t<h2 class=\"elementor-heading-title elementor-size-default\">La constancia es la mejor soluci\u00f3n<\/h2>\t\t\t\t<\/div>\n\t\t\t\t<div class=\"elementor-element elementor-element-479758a3 elementor-widget elementor-widget-text-editor\" data-id=\"479758a3\" data-element_type=\"widget\" data-e-type=\"widget\" data-widget_type=\"text-editor.default\">\n\t\t\t\t\t\t\t\t\t<p><span style=\"font-weight: 400;\">La psoriasis no desaparece de un d\u00eda a otro, pero s\u00ed puede mantenerse bajo control.<\/span><\/p><p><span style=\"font-weight: 400;\">Un especialista puede ayudarte a:<\/span><\/p><ul><li style=\"font-weight: 400;\" aria-level=\"1\"><span style=\"font-weight: 400;\">Identificar el tipo de psoriasis<\/span><\/li><li style=\"font-weight: 400;\" aria-level=\"1\"><span style=\"font-weight: 400;\">Detectar factores que desencadenan los brotes<\/span><\/li><li style=\"font-weight: 400;\" aria-level=\"1\"><span style=\"font-weight: 400;\">Dise\u00f1ar un tratamiento que funcione a largo plazo<\/span><\/li><\/ul><p><span style=\"font-weight: 400;\">El objetivo no es solo tratarla, es aprender a convivir con ella de forma controlada.<\/span><\/p>\t\t\t\t\t\t\t\t<\/div>\n\t\t\t\t<div class=\"elementor-element elementor-element-54a94d31 elementor-widget elementor-widget-button\" data-id=\"54a94d31\" data-element_type=\"widget\" data-e-type=\"widget\" data-widget_type=\"button.default\">\n\t\t\t\t\t\t\t\t\t\t<a class=\"elementor-button elementor-button-link elementor-size-sm\" href=\"https:\/\/epitelia.site.agendapro.com\/mx\" target=\"_blank\" rel=\"noopener\">\n\t\t\t\t\t\t<span class=\"elementor-button-content-wrapper\">\n\t\t\t\t\t\t\t\t\t<span class=\"elementor-button-text\">Agenda tu Consulta<\/span>\n\t\t\t\t\t<\/span>\n\t\t\t\t\t<\/a>\n\t\t\t\t\t\t\t\t<\/div>\n\t\t\t\t<\/div>\n\t\t<div class=\"elementor-element elementor-element-7f1ad8f1 e-con-full e-flex e-con e-child\" data-id=\"7f1ad8f1\" data-element_type=\"container\" data-e-type=\"container\">\n\t\t\t\t<div class=\"elementor-element elementor-element-4f3510d4 elementor-widget elementor-widget-image\" data-id=\"4f3510d4\" data-element_type=\"widget\" data-e-type=\"widget\" data-widget_type=\"image.default\">\n\t\t\t\t\t\t\t\t\t\t\t\t\t\t\t<img decoding=\"async\" width=\"1024\" height=\"885\" src=\"https:\/\/www.epitelia.mx\/wp-content\/uploads\/2026\/04\/Consulta_Epitelia-1024x885.webp\" class=\"attachment-large size-large wp-image-1115\" alt=\"\" srcset=\"https:\/\/www.epitelia.mx\/wp-content\/uploads\/2026\/04\/Consulta_Epitelia-1024x885.webp 1024w, https:\/\/www.epitelia.mx\/wp-content\/uploads\/2026\/04\/Consulta_Epitelia-300x259.webp 300w, https:\/\/www.epitelia.mx\/wp-content\/uploads\/2026\/04\/Consulta_Epitelia-768x664.webp 768w, https:\/\/www.epitelia.mx\/wp-content\/uploads\/2026\/04\/Consulta_Epitelia-14x12.webp 14w, https:\/\/www.epitelia.mx\/wp-content\/uploads\/2026\/04\/Consulta_Epitelia.webp 1250w\" sizes=\"(max-width: 1024px) 100vw, 1024px\" \/>\t\t\t\t\t\t\t\t\t\t\t\t\t\t\t<\/div>\n\t\t\t\t<\/div>\n\t\t\t\t\t<\/div>\n\t\t\t\t<\/div>\n\t\t\t\t<\/div>","protected":false},"excerpt":{"rendered":"<p>Psoriasis en la piel: entenderla es el primer paso para controlarla La psoriasis en la piel no es solo resequedad o irritaci\u00f3n. Es una condici\u00f3n cr\u00f3nica que acelera el proceso de renovaci\u00f3n celular, haciendo que la piel se acumule, se inflame y se vuelva m\u00e1s sensible. Puede aparecer por etapas, pero con el tratamiento adecuado [&hellip;]<\/p>\n","protected":false},"author":3,"featured_media":0,"parent":196,"menu_order":0,"comment_status":"closed","ping_status":"closed","template":"","meta":{"_acf_changed":false,"footnotes":""},"class_list":["post-1287","page","type-page","status-publish","hentry"],"acf":[],"_links":{"self":[{"href":"https:\/\/www.epitelia.mx\/en\/wp-json\/wp\/v2\/pages\/1287","targetHints":{"allow":["GET"]}}],"collection":[{"href":"https:\/\/www.epitelia.mx\/en\/wp-json\/wp\/v2\/pages"}],"about":[{"href":"https:\/\/www.epitelia.mx\/en\/wp-json\/wp\/v2\/types\/page"}],"author":[{"embeddable":true,"href":"https:\/\/www.epitelia.mx\/en\/wp-json\/wp\/v2\/users\/3"}],"replies":[{"embeddable":true,"href":"https:\/\/www.epitelia.mx\/en\/wp-json\/wp\/v2\/comments?post=1287"}],"version-history":[{"count":10,"href":"https:\/\/www.epitelia.mx\/en\/wp-json\/wp\/v2\/pages\/1287\/revisions"}],"predecessor-version":[{"id":1301,"href":"https:\/\/www.epitelia.mx\/en\/wp-json\/wp\/v2\/pages\/1287\/revisions\/1301"}],"up":[{"embeddable":true,"href":"https:\/\/www.epitelia.mx\/en\/wp-json\/wp\/v2\/pages\/196"}],"wp:attachment":[{"href":"https:\/\/www.epitelia.mx\/en\/wp-json\/wp\/v2\/media?parent=1287"}],"curies":[{"name":"wp","href":"https:\/\/api.w.org\/{rel}","templated":true}]}}