{"id":182,"date":"2025-08-07T00:23:04","date_gmt":"2025-08-07T00:23:04","guid":{"rendered":"https:\/\/www.epitelia.mx\/?page_id=182"},"modified":"2025-10-25T19:08:17","modified_gmt":"2025-10-25T19:08:17","slug":"nosotros","status":"publish","type":"page","link":"https:\/\/www.epitelia.mx\/en\/nosotros\/","title":{"rendered":"About us"},"content":{"rendered":"<div data-elementor-type=\"wp-page\" data-elementor-id=\"182\" class=\"elementor elementor-182\">\n\t\t\t\t<div class=\"elementor-element elementor-element-abda6ba e-con-full e-flex e-con e-parent\" data-id=\"abda6ba\" data-element_type=\"container\" data-e-type=\"container\">\n\t\t<div class=\"elementor-element elementor-element-2ec5a73 e-con-full e-flex e-con e-child\" data-id=\"2ec5a73\" data-element_type=\"container\" data-e-type=\"container\" data-settings=\"{&quot;background_background&quot;:&quot;classic&quot;}\">\n\t\t\t\t<div class=\"elementor-element elementor-element-baf0d3f elementor-widget elementor-widget-heading\" data-id=\"baf0d3f\" data-element_type=\"widget\" data-e-type=\"widget\" data-widget_type=\"heading.default\">\n\t\t\t\t\t<h3 class=\"elementor-heading-title elementor-size-default\">More Than Aesthetics: <\/h3>\t\t\t\t<\/div>\n\t\t\t\t<div class=\"elementor-element elementor-element-42829ce elementor-widget elementor-widget-heading\" data-id=\"42829ce\" data-element_type=\"widget\" data-e-type=\"widget\" data-widget_type=\"heading.default\">\n\t\t\t\t\t<h2 class=\"elementor-heading-title elementor-size-default\">Health, Ethics, and Purpose.<\/h2>\t\t\t\t<\/div>\n\t\t\t\t<div class=\"elementor-element elementor-element-9c52f9b elementor-widget__width-initial elementor-widget elementor-widget-text-editor\" data-id=\"9c52f9b\" data-element_type=\"widget\" data-e-type=\"widget\" data-widget_type=\"text-editor.default\">\n\t\t\t\t\t\t\t\t\t<p>Discover Epitelia and experience a level of care that transcends aesthetics. Book your consultation today and take the first step toward healthy, radiant skin.<br \/>Agenda tu consulta y da el primer paso hacia una piel saludable y radiante.<\/p>\t\t\t\t\t\t\t\t<\/div>\n\t\t\t\t<div class=\"elementor-element elementor-element-b4ebde7 elementor-align-center elementor-widget elementor-widget-button\" data-id=\"b4ebde7\" data-element_type=\"widget\" data-e-type=\"widget\" data-widget_type=\"button.default\">\n\t\t\t\t\t\t\t\t\t\t<a class=\"elementor-button elementor-button-link elementor-size-sm\" href=\"https:\/\/www.doctoralia.com.mx\/clinicas\/epitelia-dermatologia-clinica-estetica-y-quirurgica\" target=\"_blank\" rel=\"noopener\">\n\t\t\t\t\t\t<span class=\"elementor-button-content-wrapper\">\n\t\t\t\t\t\t\t\t\t<span class=\"elementor-button-text\">Book  Your Consultation<\/span>\n\t\t\t\t\t<\/span>\n\t\t\t\t\t<\/a>\n\t\t\t\t\t\t\t\t<\/div>\n\t\t\t\t<div class=\"elementor-element elementor-element-483f02f elementor-widget elementor-widget-spacer\" data-id=\"483f02f\" data-element_type=\"widget\" data-e-type=\"widget\" data-widget_type=\"spacer.default\">\n\t\t\t\t\t\t\t<div class=\"elementor-spacer\">\n\t\t\t<div class=\"elementor-spacer-inner\"><\/div>\n\t\t<\/div>\n\t\t\t\t\t\t<\/div>\n\t\t\t\t<div class=\"elementor-element elementor-element-436c4af elementor-invisible elementor-widget elementor-widget-image\" data-id=\"436c4af\" data-element_type=\"widget\" data-e-type=\"widget\" data-settings=\"{&quot;_animation&quot;:&quot;fadeInUp&quot;}\" data-widget_type=\"image.default\">\n\t\t\t\t\t\t\t\t\t\t\t\t\t\t\t<img fetchpriority=\"high\" decoding=\"async\" width=\"736\" height=\"707\" src=\"https:\/\/www.epitelia.mx\/wp-content\/uploads\/2025\/08\/Group-2.png\" class=\"attachment-large size-large wp-image-184\" alt=\"\" srcset=\"https:\/\/www.epitelia.mx\/wp-content\/uploads\/2025\/08\/Group-2.png 736w, https:\/\/www.epitelia.mx\/wp-content\/uploads\/2025\/08\/Group-2-300x288.png 300w\" sizes=\"(max-width: 736px) 100vw, 736px\" \/>\t\t\t\t\t\t\t\t\t\t\t\t\t\t\t<\/div>\n\t\t\t\t<\/div>\n\t\t\t\t<\/div>\n\t\t<div class=\"elementor-element elementor-element-be30d8d e-flex e-con-boxed e-con e-parent\" data-id=\"be30d8d\" data-element_type=\"container\" data-e-type=\"container\">\n\t\t\t\t\t<div class=\"e-con-inner\">\n\t\t<div class=\"elementor-element elementor-element-f7cb73d e-con-full e-flex e-con e-child\" data-id=\"f7cb73d\" data-element_type=\"container\" data-e-type=\"container\">\n\t\t\t\t<div class=\"elementor-element elementor-element-f139ff7 elementor-widget elementor-widget-heading\" data-id=\"f139ff7\" data-element_type=\"widget\" data-e-type=\"widget\" data-widget_type=\"heading.default\">\n\t\t\t\t\t<h2 class=\"elementor-heading-title elementor-size-default\">About us<\/h2>\t\t\t\t<\/div>\n\t\t\t\t<div class=\"elementor-element elementor-element-37d6683 elementor-widget elementor-widget-text-editor\" data-id=\"37d6683\" data-element_type=\"widget\" data-e-type=\"widget\" data-widget_type=\"text-editor.default\">\n\t\t\t\t\t\t\t\t\t<p>At Epitelia, we unite rigorous scientific expertise with a warm, human approach. Every treatment is rooted in a deep understanding of your skin and supported by medical-grade products, because we believe that true beauty begins with health.<\/p>\t\t\t\t\t\t\t\t<\/div>\n\t\t\t\t<\/div>\n\t\t\t\t\t<\/div>\n\t\t\t\t<\/div>\n\t\t<div class=\"elementor-element elementor-element-f86d1fe e-flex e-con-boxed e-con e-parent\" data-id=\"f86d1fe\" data-element_type=\"container\" data-e-type=\"container\">\n\t\t\t\t\t<div class=\"e-con-inner\">\n\t\t<div class=\"elementor-element elementor-element-4fa25dd e-con-full e-flex e-con e-child\" data-id=\"4fa25dd\" data-element_type=\"container\" data-e-type=\"container\">\n\t\t\t\t<div class=\"elementor-element elementor-element-6d06e50 elementor-widget elementor-widget-image\" data-id=\"6d06e50\" data-element_type=\"widget\" data-e-type=\"widget\" data-widget_type=\"image.default\">\n\t\t\t\t\t\t\t\t\t\t\t\t\t\t\t<img decoding=\"async\" width=\"949\" height=\"596\" src=\"https:\/\/www.epitelia.mx\/wp-content\/uploads\/2025\/08\/Epidermis.svg\" class=\"attachment-large size-large wp-image-372\" alt=\"\" \/>\t\t\t\t\t\t\t\t\t\t\t\t\t\t\t<\/div>\n\t\t\t\t<div class=\"elementor-element elementor-element-cef0997 elementor-widget elementor-widget-image\" data-id=\"cef0997\" data-element_type=\"widget\" data-e-type=\"widget\" data-widget_type=\"image.default\">\n\t\t\t\t\t\t\t\t\t\t\t\t\t\t\t<img decoding=\"async\" width=\"965\" height=\"923\" src=\"https:\/\/www.epitelia.mx\/wp-content\/uploads\/2025\/08\/Dermis.svg\" class=\"attachment-large size-large wp-image-371\" alt=\"\" \/>\t\t\t\t\t\t\t\t\t\t\t\t\t\t\t<\/div>\n\t\t\t\t<div class=\"elementor-element elementor-element-759a6c3 elementor-widget elementor-widget-image\" data-id=\"759a6c3\" data-element_type=\"widget\" data-e-type=\"widget\" data-widget_type=\"image.default\">\n\t\t\t\t\t\t\t\t\t\t\t\t\t\t\t<img loading=\"lazy\" decoding=\"async\" width=\"961\" height=\"602\" src=\"https:\/\/www.epitelia.mx\/wp-content\/uploads\/2025\/08\/Subcutaneos.svg\" class=\"attachment-large size-large wp-image-370\" alt=\"\" \/>\t\t\t\t\t\t\t\t\t\t\t\t\t\t\t<\/div>\n\t\t\t\t<\/div>\n\t\t<div class=\"elementor-element elementor-element-30ef6d6 e-con-full e-flex e-con e-child\" data-id=\"30ef6d6\" data-element_type=\"container\" data-e-type=\"container\">\n\t\t<div class=\"elementor-element elementor-element-97d8239 e-con-full e-flex e-con e-child\" data-id=\"97d8239\" data-element_type=\"container\" data-e-type=\"container\">\n\t\t<div class=\"elementor-element elementor-element-fda77b5 e-con-full e-flex e-con e-child\" data-id=\"fda77b5\" data-element_type=\"container\" data-e-type=\"container\">\n\t\t\t\t<div class=\"elementor-element elementor-element-36677cb elementor-widget elementor-widget-heading\" data-id=\"36677cb\" data-element_type=\"widget\" data-e-type=\"widget\" data-widget_type=\"heading.default\">\n\t\t\t\t\t<h3 class=\"elementor-heading-title elementor-size-default\">We blend the highest medical standards<\/h3>\t\t\t\t<\/div>\n\t\t\t\t<\/div>\n\t\t<div class=\"elementor-element elementor-element-169426c e-con-full e-flex e-con e-child\" data-id=\"169426c\" data-element_type=\"container\" data-e-type=\"container\">\n\t\t\t\t<div class=\"elementor-element elementor-element-2c82ab5 elementor-hidden-desktop elementor-hidden-tablet elementor-widget elementor-widget-image\" data-id=\"2c82ab5\" data-element_type=\"widget\" data-e-type=\"widget\" data-widget_type=\"image.default\">\n\t\t\t\t\t\t\t\t\t\t\t\t\t\t\t<img decoding=\"async\" width=\"949\" height=\"596\" src=\"https:\/\/www.epitelia.mx\/wp-content\/uploads\/2025\/08\/Epidermis.svg\" class=\"attachment-large size-large wp-image-372\" alt=\"\" \/>\t\t\t\t\t\t\t\t\t\t\t\t\t\t\t<\/div>\n\t\t\t\t<div class=\"elementor-element elementor-element-40b2623 elementor-widget elementor-widget-heading\" data-id=\"40b2623\" data-element_type=\"widget\" data-e-type=\"widget\" data-widget_type=\"heading.default\">\n\t\t\t\t\t<h4 class=\"elementor-heading-title elementor-size-default\">Science-Led Safety<\/h4>\t\t\t\t<\/div>\n\t\t\t\t<div class=\"elementor-element elementor-element-6b3e107 elementor-widget elementor-widget-text-editor\" data-id=\"6b3e107\" data-element_type=\"widget\" data-e-type=\"widget\" data-widget_type=\"text-editor.default\">\n\t\t\t\t\t\t\t\t\t<p>We apply evidence-based dermatological protocols, supported by state-of-the-art technology.<\/p>\t\t\t\t\t\t\t\t<\/div>\n\t\t\t\t<\/div>\n\t\t<div class=\"elementor-element elementor-element-ee13efe e-con-full e-flex e-con e-child\" data-id=\"ee13efe\" data-element_type=\"container\" data-e-type=\"container\">\n\t\t\t\t<div class=\"elementor-element elementor-element-ea10dca elementor-hidden-desktop elementor-hidden-tablet elementor-widget elementor-widget-image\" data-id=\"ea10dca\" data-element_type=\"widget\" data-e-type=\"widget\" data-widget_type=\"image.default\">\n\t\t\t\t\t\t\t\t\t\t\t\t\t\t\t<img decoding=\"async\" width=\"965\" height=\"923\" src=\"https:\/\/www.epitelia.mx\/wp-content\/uploads\/2025\/08\/Dermis.svg\" class=\"attachment-large size-large wp-image-371\" alt=\"\" \/>\t\t\t\t\t\t\t\t\t\t\t\t\t\t\t<\/div>\n\t\t\t\t<div class=\"elementor-element elementor-element-3507b22 elementor-widget elementor-widget-heading\" data-id=\"3507b22\" data-element_type=\"widget\" data-e-type=\"widget\" data-widget_type=\"heading.default\">\n\t\t\t\t\t<h4 class=\"elementor-heading-title elementor-size-default\">Holistic Harmony<\/h4>\t\t\t\t<\/div>\n\t\t\t\t<div class=\"elementor-element elementor-element-de6ba95 elementor-widget elementor-widget-text-editor\" data-id=\"de6ba95\" data-element_type=\"widget\" data-e-type=\"widget\" data-widget_type=\"text-editor.default\">\n\t\t\t\t\t\t\t\t\t<p>We see your skin as the bridge between your physical and emotional well-being, which is why we care for it with a truly holistic approach.<\/p>\t\t\t\t\t\t\t\t<\/div>\n\t\t\t\t<\/div>\n\t\t<div class=\"elementor-element elementor-element-8612cae e-con-full e-flex e-con e-child\" data-id=\"8612cae\" data-element_type=\"container\" data-e-type=\"container\">\n\t\t\t\t<div class=\"elementor-element elementor-element-c0ee308 elementor-hidden-desktop elementor-hidden-tablet elementor-widget elementor-widget-image\" data-id=\"c0ee308\" data-element_type=\"widget\" data-e-type=\"widget\" data-widget_type=\"image.default\">\n\t\t\t\t\t\t\t\t\t\t\t\t\t\t\t<img loading=\"lazy\" decoding=\"async\" width=\"961\" height=\"602\" src=\"https:\/\/www.epitelia.mx\/wp-content\/uploads\/2025\/08\/Subcutaneos.svg\" class=\"attachment-large size-large wp-image-370\" alt=\"\" \/>\t\t\t\t\t\t\t\t\t\t\t\t\t\t\t<\/div>\n\t\t\t\t<div class=\"elementor-element elementor-element-b0b8e30 elementor-widget elementor-widget-heading\" data-id=\"b0b8e30\" data-element_type=\"widget\" data-e-type=\"widget\" data-widget_type=\"heading.default\">\n\t\t\t\t\t<h4 class=\"elementor-heading-title elementor-size-default\">Visible Well-being<\/h4>\t\t\t\t<\/div>\n\t\t\t\t<div class=\"elementor-element elementor-element-5f0c8af elementor-widget elementor-widget-text-editor\" data-id=\"5f0c8af\" data-element_type=\"widget\" data-e-type=\"widget\" data-widget_type=\"text-editor.default\">\n\t\t\t\t\t\t\t\t\t<p>We believe true change is something you can both see and feel. That's why we design non-surgical care experiences focused on delivering remarkable results with minimal downtime.<\/p>\t\t\t\t\t\t\t\t<\/div>\n\t\t\t\t<\/div>\n\t\t\t\t<\/div>\n\t\t\t\t<\/div>\n\t\t\t\t\t<\/div>\n\t\t\t\t<\/div>\n\t\t<div class=\"elementor-element elementor-element-402027a e-con-full e-flex e-con e-parent\" data-id=\"402027a\" data-element_type=\"container\" data-e-type=\"container\">\n\t\t<div class=\"elementor-element elementor-element-3fc3dc1 e-con-full e-flex e-con e-child\" data-id=\"3fc3dc1\" data-element_type=\"container\" data-e-type=\"container\" data-settings=\"{&quot;background_background&quot;:&quot;gradient&quot;}\">\n\t\t<div class=\"elementor-element elementor-element-75c39c1 e-con-full e-flex e-con e-child\" data-id=\"75c39c1\" data-element_type=\"container\" data-e-type=\"container\">\n\t\t\t\t<div class=\"elementor-element elementor-element-bff6cde elementor-widget elementor-widget-image\" data-id=\"bff6cde\" data-element_type=\"widget\" data-e-type=\"widget\" data-widget_type=\"image.default\">\n\t\t\t\t\t\t\t\t\t\t\t\t\t\t\t<img loading=\"lazy\" decoding=\"async\" width=\"369\" height=\"466\" src=\"https:\/\/www.epitelia.mx\/wp-content\/uploads\/2025\/08\/Rectangle-7.png\" class=\"attachment-large size-large wp-image-177\" alt=\"\" srcset=\"https:\/\/www.epitelia.mx\/wp-content\/uploads\/2025\/08\/Rectangle-7.png 369w, https:\/\/www.epitelia.mx\/wp-content\/uploads\/2025\/08\/Rectangle-7-238x300.png 238w\" sizes=\"(max-width: 369px) 100vw, 369px\" \/>\t\t\t\t\t\t\t\t\t\t\t\t\t\t\t<\/div>\n\t\t\t\t<\/div>\n\t\t<div class=\"elementor-element elementor-element-7da5ef6 e-con-full e-flex e-con e-child\" data-id=\"7da5ef6\" data-element_type=\"container\" data-e-type=\"container\">\n\t\t\t\t<div class=\"elementor-element elementor-element-02f4e18 elementor-widget elementor-widget-heading\" data-id=\"02f4e18\" data-element_type=\"widget\" data-e-type=\"widget\" data-widget_type=\"heading.default\">\n\t\t\t\t\t<h4 class=\"elementor-heading-title elementor-size-default\">Why is a Personal Consultation the First Step?<\/h4>\t\t\t\t<\/div>\n\t\t\t\t<div class=\"elementor-element elementor-element-c65d057 elementor-widget elementor-widget-text-editor\" data-id=\"c65d057\" data-element_type=\"widget\" data-e-type=\"widget\" data-widget_type=\"text-editor.default\">\n\t\t\t\t\t\t\t\t\t<p>When you book your consultation:<\/p><ul><li>Assess your skin's unique condition and listen carefully to your aesthetic goals.<\/li><li>Design a tailored treatment plan, outlining the recommended approach and number of sessions.<\/li><li>Answer all of your questions, ensuring you feel confident and informed about your procedure.<\/li><li>Guide you through the pre- and post-treatment care needed to achieve beautiful, lasting results.<\/li><\/ul><p>Let's book your fist treatment with the dermatologist.<\/p>\t\t\t\t\t\t\t\t<\/div>\n\t\t\t\t<div class=\"elementor-element elementor-element-1b6155b elementor-mobile-align-justify elementor-widget elementor-widget-button\" data-id=\"1b6155b\" data-element_type=\"widget\" data-e-type=\"widget\" data-widget_type=\"button.default\">\n\t\t\t\t\t\t\t\t\t\t<a class=\"elementor-button elementor-button-link elementor-size-sm\" href=\"https:\/\/www.doctoralia.com.mx\/clinicas\/epitelia-dermatologia-clinica-estetica-y-quirurgica\" target=\"_blank\" rel=\"noopener\">\n\t\t\t\t\t\t<span class=\"elementor-button-content-wrapper\">\n\t\t\t\t\t\t\t\t\t<span class=\"elementor-button-text\">Book Your Consultation<\/span>\n\t\t\t\t\t<\/span>\n\t\t\t\t\t<\/a>\n\t\t\t\t\t\t\t\t<\/div>\n\t\t\t\t<\/div>\n\t\t\t\t<\/div>\n\t\t\t\t<\/div>\n\t\t\t\t<\/div>","protected":false},"excerpt":{"rendered":"<p>M\u00e1s que est\u00e9tica. Salud, \u00e9tica y prop\u00f3sito. Ven a Epitelia y descubre el cuidado que va m\u00e1s all\u00e1 de la est\u00e9tica.Agenda tu consulta y da el primer paso hacia una piel saludable y radiante. Agenda tu cita Sobre nosotros En Epitelia combinamos la m\u00e1s alta rigurosidad cient\u00edfica con un trato cercano y humano. Cada tratamiento [&hellip;]<\/p>\n","protected":false},"author":3,"featured_media":0,"parent":0,"menu_order":0,"comment_status":"closed","ping_status":"closed","template":"full-width.php","meta":{"_acf_changed":false,"footnotes":""},"class_list":["post-182","page","type-page","status-publish","hentry"],"acf":[],"_links":{"self":[{"href":"https:\/\/www.epitelia.mx\/en\/wp-json\/wp\/v2\/pages\/182","targetHints":{"allow":["GET"]}}],"collection":[{"href":"https:\/\/www.epitelia.mx\/en\/wp-json\/wp\/v2\/pages"}],"about":[{"href":"https:\/\/www.epitelia.mx\/en\/wp-json\/wp\/v2\/types\/page"}],"author":[{"embeddable":true,"href":"https:\/\/www.epitelia.mx\/en\/wp-json\/wp\/v2\/users\/3"}],"replies":[{"embeddable":true,"href":"https:\/\/www.epitelia.mx\/en\/wp-json\/wp\/v2\/comments?post=182"}],"version-history":[{"count":10,"href":"https:\/\/www.epitelia.mx\/en\/wp-json\/wp\/v2\/pages\/182\/revisions"}],"predecessor-version":[{"id":545,"href":"https:\/\/www.epitelia.mx\/en\/wp-json\/wp\/v2\/pages\/182\/revisions\/545"}],"wp:attachment":[{"href":"https:\/\/www.epitelia.mx\/en\/wp-json\/wp\/v2\/media?parent=182"}],"curies":[{"name":"wp","href":"https:\/\/api.w.org\/{rel}","templated":true}]}}