{"id":443,"date":"2025-08-15T19:46:46","date_gmt":"2025-08-15T19:46:46","guid":{"rendered":"https:\/\/www.epitelia.mx\/?page_id=443"},"modified":"2025-08-15T19:49:37","modified_gmt":"2025-08-15T19:49:37","slug":"terminos-y-condiciones","status":"publish","type":"page","link":"https:\/\/www.epitelia.mx\/en\/terminos-y-condiciones\/","title":{"rendered":"Terms and conditions"},"content":{"rendered":"<div data-elementor-type=\"wp-page\" data-elementor-id=\"443\" class=\"elementor elementor-443\">\n\t\t\t\t<div class=\"elementor-element elementor-element-383ae21 e-flex e-con-boxed e-con e-parent\" data-id=\"383ae21\" data-element_type=\"container\" data-e-type=\"container\">\n\t\t\t\t\t<div class=\"e-con-inner\">\n\t\t\t\t<div class=\"elementor-element elementor-element-8b186c6 elementor-widget elementor-widget-heading\" data-id=\"8b186c6\" data-element_type=\"widget\" data-e-type=\"widget\" data-widget_type=\"heading.default\">\n\t\t\t\t\t<h2 class=\"elementor-heading-title elementor-size-default\">T\u00e9rminos y Condiciones de Pagos y Servicios<\/h2>\t\t\t\t<\/div>\n\t\t\t\t<div class=\"elementor-element elementor-element-7120798 elementor-widget elementor-widget-text-editor\" data-id=\"7120798\" data-element_type=\"widget\" data-e-type=\"widget\" data-widget_type=\"text-editor.default\">\n\t\t\t\t\t\t\t\t\t<p><b>Epitelia Servicios M\u00e9dicos S.A. de C.V.<\/b><\/p><p><span style=\"font-weight: 400;\">Av. Baja California 275, Consultorio 303, Piso 3, Col. Hip\u00f3dromo,<\/span><\/p><p><span style=\"font-weight: 400;\">Alcald\u00eda Cuauht\u00e9moc, Ciudad de M\u00e9xico, C.P. 06140<\/span><\/p><p><span style=\"font-weight: 400;\">Tel. 56 5984 2308 | <\/span><a href=\"mailto:rpicon@epitelia.mx\"><span style=\"font-weight: 400;\">rpicon@epitelia.mx<\/span><\/a><\/p><p><span style=\"font-weight: 400;\">El presente documento establece los t\u00e9rminos y condiciones bajo los cuales <\/span><b>Epitelia Servicios M\u00e9dicos S.A. de C.V.<\/b><span style=\"font-weight: 400;\"> (en lo sucesivo \u201cEpitelia\u201d) regula la prestaci\u00f3n de servicios m\u00e9dicos y est\u00e9ticos, as\u00ed como las pol\u00edticas aplicables a pagos, cancelaciones, reprogramaciones y devoluciones, en cumplimiento con la legislaci\u00f3n vigente en los Estados Unidos Mexicanos.<\/span><\/p><p><span style=\"font-weight: 400;\">Al realizar el pago, agendar una cita o recibir un servicio en Epitelia, el paciente (en lo sucesivo \u201cEl Paciente\u201d) reconoce haber le\u00eddo, entendido y aceptado \u00edntegramente los presentes T\u00e9rminos y Condiciones.<\/span><\/p><h2><b>1. Definiciones<\/b><\/h2><ul><li style=\"font-weight: 400;\" aria-level=\"1\"><b>Paciente:<\/b><span style=\"font-weight: 400;\"> Persona f\u00edsica que contrata y recibe los servicios ofrecidos por Epitelia.<\/span><span style=\"font-weight: 400;\"><br \/><br \/><\/span><\/li><li style=\"font-weight: 400;\" aria-level=\"1\"><b>Cita programada:<\/b><span style=\"font-weight: 400;\"> Fecha y hora confirmadas para la prestaci\u00f3n de un servicio.<\/span><span style=\"font-weight: 400;\"><br \/><br \/><\/span><\/li><li style=\"font-weight: 400;\" aria-level=\"1\"><b>Monedero electr\u00f3nico:<\/b><span style=\"font-weight: 400;\"> Cr\u00e9dito digital otorgado por Epitelia para ser utilizado exclusivamente en servicios o productos de la cl\u00ednica.<\/span><span style=\"font-weight: 400;\"><br \/><br \/><\/span><\/li><li style=\"font-weight: 400;\" aria-level=\"1\"><b>Pago anticipado:<\/b><span style=\"font-weight: 400;\"> Pago realizado antes de recibir el servicio, ya sea en l\u00ednea, mediante transferencia, plataforma de pago o link de pago.<\/span><\/li><\/ul><h2><b>2. Reprogramaciones y cancelaciones<\/b><\/h2><p><span style=\"font-weight: 400;\">3.1 El Paciente podr\u00e1 reprogramar su cita con al menos <\/span><b>24 horas de anticipaci\u00f3n<\/b><span style=\"font-weight: 400;\"> a la hora programada, sin penalizaci\u00f3n.<\/span><\/p><p><span style=\"font-weight: 400;\">3.2 Si el Paciente no solicita la reprogramaci\u00f3n en dicho plazo, la cita se cancelar\u00e1 y se perder\u00e1 el pago realizado.<\/span><\/p><p><span style=\"font-weight: 400;\">3.3 El Paciente podr\u00e1 reprogramar hasta un <\/span><b>m\u00e1ximo de 3 veces<\/b><span style=\"font-weight: 400;\"> en un periodo no mayor a <\/span><b>3 meses<\/b><span style=\"font-weight: 400;\"> contados a partir de la fecha original de la cita. Superado este plazo o n\u00famero de reprogramaciones, no tendr\u00e1 derecho a reprogramar ni a devoluci\u00f3n.<\/span><\/p><h2><b>3. Pagos anticipados y su tratamiento<\/b><\/h2><p><span style=\"font-weight: 400;\">4.1 Si el Paciente realiza un pago anticipado y <\/span><b>cancela su cita<\/b><span style=\"font-weight: 400;\"> sin cumplir el plazo m\u00ednimo de 24 horas de aviso, <\/span><b>no habr\u00e1 devoluci\u00f3n ni aplicaci\u00f3n del pago a futuras citas<\/b><span style=\"font-weight: 400;\">.<\/span><\/p><p><span style=\"font-weight: 400;\">4.2 Si el Paciente realiza un pago anticipado y solicita reprogramaci\u00f3n con al menos 24 horas de anticipaci\u00f3n, el importe pagado se aplicar\u00e1 a la nueva cita sin p\u00e9rdida de valor.<\/span><\/p><p><span style=\"font-weight: 400;\">4.3 En casos donde el Paciente no pueda ser localizado para confirmaci\u00f3n, la reserva permanecer\u00e1 activa; sin embargo, si no se presenta a la cita, el pago se perder\u00e1 autom\u00e1ticamente.<\/span><\/p><h2><b>4. Devoluciones<\/b><\/h2><p><span style=\"font-weight: 400;\">5.1 \u00danicamente se considerar\u00e1 devoluci\u00f3n total del pago en casos donde, por causas imputables a Epitelia, no sea posible brindar el servicio contratado (por ejemplo, fallas t\u00e9cnicas, indisponibilidad del especialista o cierre temporal de la cl\u00ednica). En estos casos, el Paciente podr\u00e1 optar por:<\/span><span style=\"font-weight: 400;\"><br \/><\/span><span style=\"font-weight: 400;\"> a) Reagendar sin costo.<\/span><span style=\"font-weight: 400;\"><br \/><\/span><span style=\"font-weight: 400;\"> b) Recibir la devoluci\u00f3n \u00edntegra del pago.<\/span><\/p><p><span style=\"font-weight: 400;\">5.2 Si la imposibilidad de asistir es imputable al Paciente, solo se considerar\u00e1n causas de fuerza mayor como: fen\u00f3menos naturales, accidentes comprobables o razones m\u00e9dicas debidamente acreditadas.<\/span><\/p><p><span style=\"font-weight: 400;\">5.3 En estos casos, el importe pagado ser\u00e1 devuelto en forma de <\/span><b>monedero electr\u00f3nico<\/b><span style=\"font-weight: 400;\">, que permitir\u00e1 agendar nuevamente el servicio en un plazo extendido de hasta 3 meses contados desde la fecha original de la cita.<\/span><\/p><h2><b>5. Monedero electr\u00f3nico<\/b><\/h2><p><span style=\"font-weight: 400;\">6.1 El monedero electr\u00f3nico es un medio digital para la administraci\u00f3n del saldo derivado de una devoluci\u00f3n; <\/span><b>no constituye una tarjeta de cr\u00e9dito o d\u00e9bito<\/b><span style=\"font-weight: 400;\">.<\/span><\/p><p><span style=\"font-weight: 400;\">6.2 El saldo del monedero electr\u00f3nico no podr\u00e1 transferirse, canjearse por dinero en efectivo, ni abonarse a tarjetas bancarias.<\/span><\/p><p><span style=\"font-weight: 400;\">6.3 El monedero electr\u00f3nico podr\u00e1 utilizarse exclusivamente para la adquisici\u00f3n de servicios o productos dentro de las cl\u00ednicas de Epitelia, durante el periodo de vigencia indicado.<\/span><\/p><p><span style=\"font-weight: 400;\">6.4 El monedero ser\u00e1 100% digital y no se emitir\u00e1 en formato f\u00edsico.<\/span><\/p><p><br \/><br \/><br \/><\/p><h2><b>6. Derechos y obligaciones de las partes<\/b><\/h2><p><span style=\"font-weight: 400;\">7.1 <\/span><b>Obligaciones de Epitelia:<\/b><\/p><ul><li style=\"font-weight: 400;\" aria-level=\"1\"><span style=\"font-weight: 400;\">Brindar los servicios en la fecha y hora acordadas, siempre que el Paciente cumpla con las presentes condiciones.<\/span><span style=\"font-weight: 400;\"><br \/><br \/><\/span><\/li><li style=\"font-weight: 400;\" aria-level=\"1\"><span style=\"font-weight: 400;\">Cumplir con los est\u00e1ndares m\u00e9dicos y \u00e9ticos aplicables.<\/span><span style=\"font-weight: 400;\"><br \/><br \/><\/span><\/li><li style=\"font-weight: 400;\" aria-level=\"1\"><span style=\"font-weight: 400;\">Resguardar la confidencialidad de la informaci\u00f3n del Paciente conforme a la ley.<\/span><span style=\"font-weight: 400;\"><br \/><br \/><\/span><\/li><\/ul><p><span style=\"font-weight: 400;\">7.2 <\/span><b>Obligaciones del Paciente:<\/b><\/p><ul><li style=\"font-weight: 400;\" aria-level=\"1\"><span style=\"font-weight: 400;\">Presentarse puntualmente a la cita programada.<\/span><span style=\"font-weight: 400;\"><br \/><br \/><\/span><\/li><li style=\"font-weight: 400;\" aria-level=\"1\"><span style=\"font-weight: 400;\">Cumplir con las pol\u00edticas de reprogramaci\u00f3n, cancelaci\u00f3n y pagos.<\/span><span style=\"font-weight: 400;\"><br \/><br \/><\/span><\/li><li style=\"font-weight: 400;\" aria-level=\"1\"><span style=\"font-weight: 400;\">Proporcionar informaci\u00f3n veraz y completa para la prestaci\u00f3n del servicio.<\/span><\/li><\/ul><h2><b>7. Modificaciones<\/b><\/h2><p><span style=\"font-weight: 400;\">Epitelia podr\u00e1 modificar los presentes T\u00e9rminos y Condiciones en cualquier momento para ajustarlos a cambios operativos, regulatorios o legales. Las modificaciones ser\u00e1n publicadas en el sitio web y en las instalaciones de la cl\u00ednica.<\/span><\/p><h2><b>8. Legislaci\u00f3n y jurisdicci\u00f3n aplicable<\/b><\/h2><p><span style=\"font-weight: 400;\">El presente documento se rige por las leyes vigentes en los Estados Unidos Mexicanos. Para la interpretaci\u00f3n y cumplimiento de este contrato, las partes se someten a la jurisdicci\u00f3n de los tribunales competentes en la Ciudad de M\u00e9xico, renunciando expresamente a cualquier otro fuero que pudiera corresponderles.<\/span><\/p>\t\t\t\t\t\t\t\t<\/div>\n\t\t\t\t\t<\/div>\n\t\t\t\t<\/div>\n\t\t\t\t<\/div>","protected":false},"excerpt":{"rendered":"<p>T\u00e9rminos y Condiciones de Pagos y Servicios Epitelia Servicios M\u00e9dicos S.A. de C.V. Av. Baja California 275, Consultorio 303, Piso 3, Col. Hip\u00f3dromo, Alcald\u00eda Cuauht\u00e9moc, Ciudad de M\u00e9xico, C.P. 06140 Tel. 56 5984 2308 | rpicon@epitelia.mx El presente documento establece los t\u00e9rminos y condiciones bajo los cuales Epitelia Servicios M\u00e9dicos S.A. de C.V. (en lo [&hellip;]<\/p>\n","protected":false},"author":3,"featured_media":0,"parent":0,"menu_order":0,"comment_status":"closed","ping_status":"closed","template":"","meta":{"_acf_changed":false,"footnotes":""},"class_list":["post-443","page","type-page","status-publish","hentry"],"acf":[],"_links":{"self":[{"href":"https:\/\/www.epitelia.mx\/en\/wp-json\/wp\/v2\/pages\/443","targetHints":{"allow":["GET"]}}],"collection":[{"href":"https:\/\/www.epitelia.mx\/en\/wp-json\/wp\/v2\/pages"}],"about":[{"href":"https:\/\/www.epitelia.mx\/en\/wp-json\/wp\/v2\/types\/page"}],"author":[{"embeddable":true,"href":"https:\/\/www.epitelia.mx\/en\/wp-json\/wp\/v2\/users\/3"}],"replies":[{"embeddable":true,"href":"https:\/\/www.epitelia.mx\/en\/wp-json\/wp\/v2\/comments?post=443"}],"version-history":[{"count":4,"href":"https:\/\/www.epitelia.mx\/en\/wp-json\/wp\/v2\/pages\/443\/revisions"}],"predecessor-version":[{"id":461,"href":"https:\/\/www.epitelia.mx\/en\/wp-json\/wp\/v2\/pages\/443\/revisions\/461"}],"wp:attachment":[{"href":"https:\/\/www.epitelia.mx\/en\/wp-json\/wp\/v2\/media?parent=443"}],"curies":[{"name":"wp","href":"https:\/\/api.w.org\/{rel}","templated":true}]}}