{"id":956,"date":"2026-04-10T00:36:34","date_gmt":"2026-04-10T00:36:34","guid":{"rendered":"https:\/\/www.epitelia.mx\/?page_id=956"},"modified":"2026-04-14T00:03:11","modified_gmt":"2026-04-14T00:03:11","slug":"tratamientos-acne","status":"publish","type":"page","link":"https:\/\/www.epitelia.mx\/en\/dermatologia-clinica\/tratamientos-acne\/","title":{"rendered":"Acne"},"content":{"rendered":"<div data-elementor-type=\"wp-page\" data-elementor-id=\"956\" class=\"elementor elementor-956\">\n\t\t\t\t<div class=\"elementor-element elementor-element-9b4e6cd e-flex e-con-boxed e-con e-parent\" data-id=\"9b4e6cd\" data-element_type=\"container\" data-e-type=\"container\">\n\t\t\t\t\t<div class=\"e-con-inner\">\n\t\t<div class=\"elementor-element elementor-element-e5dedf6 e-con-full e-flex e-con e-child\" data-id=\"e5dedf6\" data-element_type=\"container\" data-e-type=\"container\" data-settings=\"{&quot;background_background&quot;:&quot;classic&quot;}\">\n\t\t\t\t<div class=\"elementor-element elementor-element-0aa01de elementor-widget elementor-widget-heading\" data-id=\"0aa01de\" data-element_type=\"widget\" data-e-type=\"widget\" data-widget_type=\"heading.default\">\n\t\t\t\t\t<h1 class=\"elementor-heading-title elementor-size-default\">Tratamientos de acn\u00e9: tu piel s\u00ed puede cambiar\n<\/h1>\t\t\t\t<\/div>\n\t\t\t\t<\/div>\n\t\t\t\t\t<\/div>\n\t\t\t\t<\/div>\n\t\t<div class=\"elementor-element elementor-element-daa5672 e-flex e-con-boxed e-con e-parent\" data-id=\"daa5672\" data-element_type=\"container\" data-e-type=\"container\">\n\t\t\t\t\t<div class=\"e-con-inner\">\n\t\t<div class=\"elementor-element elementor-element-62e201c e-con-full e-flex e-con e-child\" data-id=\"62e201c\" data-element_type=\"container\" data-e-type=\"container\">\n\t\t\t\t<div class=\"elementor-element elementor-element-9e500b5 elementor-widget elementor-widget-text-editor\" data-id=\"9e500b5\" data-element_type=\"widget\" data-e-type=\"widget\" data-widget_type=\"text-editor.default\">\n\t\t\t\t\t\t\t\t\t<p><span style=\"font-weight: 400;\">El acn\u00e9 no es solo una etapa, es una condici\u00f3n que puede afectar tu piel en cualquier momento de tu vida.<\/span><\/p><p><span style=\"font-weight: 400;\">Puede aparecer por hormonas, estr\u00e9s, gen\u00e9tica o incluso por usar productos que no son para ti.<\/span><\/p><p><span style=\"font-weight: 400;\">Pero aqu\u00ed est\u00e1 lo importante: el acn\u00e9 s\u00ed se puede tratar, controlar y mejorar.<\/span><\/p>\t\t\t\t\t\t\t\t<\/div>\n\t\t\t\t<\/div>\n\t\t\t\t\t<\/div>\n\t\t\t\t<\/div>\n\t\t<div class=\"elementor-element elementor-element-993f5c7 e-flex e-con-boxed e-con e-parent\" data-id=\"993f5c7\" data-element_type=\"container\" data-e-type=\"container\">\n\t\t\t\t\t<div class=\"e-con-inner\">\n\t\t<div class=\"elementor-element elementor-element-d2db4f6 e-con-full e-flex e-con e-child\" data-id=\"d2db4f6\" data-element_type=\"container\" data-e-type=\"container\">\n\t\t<div class=\"elementor-element elementor-element-19f45f9 e-con-full e-flex e-con e-child\" data-id=\"19f45f9\" data-element_type=\"container\" data-e-type=\"container\">\n\t\t\t\t<div class=\"elementor-element elementor-element-0c2ca05 elementor-widget elementor-widget-heading\" data-id=\"0c2ca05\" data-element_type=\"widget\" data-e-type=\"widget\" data-widget_type=\"heading.default\">\n\t\t\t\t\t<h2 class=\"elementor-heading-title elementor-size-default\">\u00bfC\u00f3mo identificar el acn\u00e9?<\/h2>\t\t\t\t<\/div>\n\t\t\t\t<div class=\"elementor-element elementor-element-ed74b85 elementor-widget elementor-widget-text-editor\" data-id=\"ed74b85\" data-element_type=\"widget\" data-e-type=\"widget\" data-widget_type=\"text-editor.default\">\n\t\t\t\t\t\t\t\t\t<p><span style=\"font-weight: 400;\">El acn\u00e9 no siempre se ve igual, pero hay se\u00f1ales claras:<\/span><\/p><ul><li style=\"font-weight: 400;\" aria-level=\"1\"><span style=\"font-weight: 400;\">Aparici\u00f3n de granos, puntos negros o puntos blancos<\/span><\/li><li style=\"font-weight: 400;\" aria-level=\"1\"><span style=\"font-weight: 400;\">Inflamaci\u00f3n o enrojecimiento en la piel<\/span><\/li><li style=\"font-weight: 400;\" aria-level=\"1\"><span style=\"font-weight: 400;\">Brotes constantes en rostro, espalda o pecho<\/span><\/li><li style=\"font-weight: 400;\" aria-level=\"1\"><span style=\"font-weight: 400;\">Sensaci\u00f3n de piel grasa o poros obstruidos<\/span><\/li><li style=\"font-weight: 400;\" aria-level=\"1\"><span style=\"font-weight: 400;\">Marcas o manchas despu\u00e9s de los brotes<\/span><\/li><\/ul>\t\t\t\t\t\t\t\t<\/div>\n\t\t\t\t<div class=\"elementor-element elementor-element-95be265 elementor-widget elementor-widget-button\" data-id=\"95be265\" data-element_type=\"widget\" data-e-type=\"widget\" data-widget_type=\"button.default\">\n\t\t\t\t\t\t\t\t\t\t<a class=\"elementor-button elementor-button-link elementor-size-sm\" href=\"https:\/\/epitelia.site.agendapro.com\/mx\" target=\"_blank\" rel=\"noopener\">\n\t\t\t\t\t\t<span class=\"elementor-button-content-wrapper\">\n\t\t\t\t\t\t\t\t\t<span class=\"elementor-button-text\">Agenda tu Consulta<\/span>\n\t\t\t\t\t<\/span>\n\t\t\t\t\t<\/a>\n\t\t\t\t\t\t\t\t<\/div>\n\t\t\t\t<\/div>\n\t\t\t\t<\/div>\n\t\t<div class=\"elementor-element elementor-element-3b05b35 e-con-full e-flex e-con e-child\" data-id=\"3b05b35\" data-element_type=\"container\" data-e-type=\"container\">\n\t\t<div class=\"elementor-element elementor-element-b86a944 e-con-full e-flex e-con e-child\" data-id=\"b86a944\" data-element_type=\"container\" data-e-type=\"container\">\n\t\t\t\t<div class=\"elementor-element elementor-element-403ce3c elementor-widget elementor-widget-image\" data-id=\"403ce3c\" data-element_type=\"widget\" data-e-type=\"widget\" data-widget_type=\"image.default\">\n\t\t\t\t\t\t\t\t\t\t\t\t\t\t\t<img fetchpriority=\"high\" decoding=\"async\" width=\"768\" height=\"614\" src=\"https:\/\/www.epitelia.mx\/wp-content\/uploads\/2026\/04\/Clinica_epitelia_2-768x614.webp\" class=\"attachment-medium_large size-medium_large wp-image-1120\" alt=\"\" srcset=\"https:\/\/www.epitelia.mx\/wp-content\/uploads\/2026\/04\/Clinica_epitelia_2-768x614.webp 768w, https:\/\/www.epitelia.mx\/wp-content\/uploads\/2026\/04\/Clinica_epitelia_2-300x240.webp 300w, https:\/\/www.epitelia.mx\/wp-content\/uploads\/2026\/04\/Clinica_epitelia_2-1024x819.webp 1024w, https:\/\/www.epitelia.mx\/wp-content\/uploads\/2026\/04\/Clinica_epitelia_2-15x12.webp 15w, https:\/\/www.epitelia.mx\/wp-content\/uploads\/2026\/04\/Clinica_epitelia_2.webp 1350w\" sizes=\"(max-width: 768px) 100vw, 768px\" \/>\t\t\t\t\t\t\t\t\t\t\t\t\t\t\t<\/div>\n\t\t\t\t<\/div>\n\t\t\t\t<\/div>\n\t\t\t\t\t<\/div>\n\t\t\t\t<\/div>\n\t\t<div class=\"elementor-element elementor-element-f8f5502 e-flex e-con-boxed e-con e-parent\" data-id=\"f8f5502\" data-element_type=\"container\" data-e-type=\"container\">\n\t\t\t\t\t<div class=\"e-con-inner\">\n\t\t\t\t<div class=\"elementor-element elementor-element-e21ca27 elementor-widget elementor-widget-heading\" data-id=\"e21ca27\" data-element_type=\"widget\" data-e-type=\"widget\" data-widget_type=\"heading.default\">\n\t\t\t\t\t<h3 class=\"elementor-heading-title elementor-size-default\">Tipos de Acn\u00e9 M\u00e1s Comunes<\/h3>\t\t\t\t<\/div>\n\t\t\t\t<div class=\"elementor-element elementor-element-2a77f60 elementor-widget elementor-widget-text-editor\" data-id=\"2a77f60\" data-element_type=\"widget\" data-e-type=\"widget\" data-widget_type=\"text-editor.default\">\n\t\t\t\t\t\t\t\t\t<p>No todo el acn\u00e9 se trata igual, por eso es importante primero identificarlo:<\/p>\t\t\t\t\t\t\t\t<\/div>\n\t\t\t\t\t<\/div>\n\t\t\t\t<\/div>\n\t\t<div class=\"elementor-element elementor-element-2db0b31 e-grid e-con-boxed e-con e-parent\" data-id=\"2db0b31\" data-element_type=\"container\" data-e-type=\"container\">\n\t\t\t\t\t<div class=\"e-con-inner\">\n\t\t<div class=\"elementor-element elementor-element-4966752 e-con-full e-flex e-con e-child\" data-id=\"4966752\" data-element_type=\"container\" data-e-type=\"container\">\n\t\t\t\t<div class=\"elementor-element elementor-element-d75f4f0 elementor-widget elementor-widget-heading\" data-id=\"d75f4f0\" data-element_type=\"widget\" data-e-type=\"widget\" data-widget_type=\"heading.default\">\n\t\t\t\t\t<h4 class=\"elementor-heading-title elementor-size-default\">Acn\u00e9 comedog\u00e9nico<\/h4>\t\t\t\t<\/div>\n\t\t\t\t<div class=\"elementor-element elementor-element-b131238 elementor-widget elementor-widget-text-editor\" data-id=\"b131238\" data-element_type=\"widget\" data-e-type=\"widget\" data-widget_type=\"text-editor.default\">\n\t\t\t\t\t\t\t\t\t<p><span style=\"font-weight: 400;\">\u00a0Predominan puntos negros y blancos sin inflamaci\u00f3n.<\/span><\/p>\t\t\t\t\t\t\t\t<\/div>\n\t\t\t\t<\/div>\n\t\t<div class=\"elementor-element elementor-element-18d12bc e-con-full e-flex e-con e-child\" data-id=\"18d12bc\" data-element_type=\"container\" data-e-type=\"container\">\n\t\t\t\t<div class=\"elementor-element elementor-element-b489ae1 elementor-widget elementor-widget-heading\" data-id=\"b489ae1\" data-element_type=\"widget\" data-e-type=\"widget\" data-widget_type=\"heading.default\">\n\t\t\t\t\t<h4 class=\"elementor-heading-title elementor-size-default\">Acn\u00e9 inflamatorio<\/h4>\t\t\t\t<\/div>\n\t\t\t\t<div class=\"elementor-element elementor-element-293f4b9 elementor-widget elementor-widget-text-editor\" data-id=\"293f4b9\" data-element_type=\"widget\" data-e-type=\"widget\" data-widget_type=\"text-editor.default\">\n\t\t\t\t\t\t\t\t\t<p><span style=\"font-weight: 400;\">\u00a0Brotes rojos, sensibles y visibles.<\/span><\/p>\t\t\t\t\t\t\t\t<\/div>\n\t\t\t\t<\/div>\n\t\t<div class=\"elementor-element elementor-element-5e61a3a e-con-full e-flex e-con e-child\" data-id=\"5e61a3a\" data-element_type=\"container\" data-e-type=\"container\">\n\t\t\t\t<div class=\"elementor-element elementor-element-bdfb148 elementor-widget elementor-widget-heading\" data-id=\"bdfb148\" data-element_type=\"widget\" data-e-type=\"widget\" data-widget_type=\"heading.default\">\n\t\t\t\t\t<h4 class=\"elementor-heading-title elementor-size-default\">Acn\u00e9 hormonal<\/h4>\t\t\t\t<\/div>\n\t\t\t\t<div class=\"elementor-element elementor-element-8d02b89 elementor-widget elementor-widget-text-editor\" data-id=\"8d02b89\" data-element_type=\"widget\" data-e-type=\"widget\" data-widget_type=\"text-editor.default\">\n\t\t\t\t\t\t\t\t\t<p><span style=\"font-weight: 400;\">Aparece en la zona de mand\u00edbula y ment\u00f3n, relacionado con cambios hormonales.<\/span><\/p>\t\t\t\t\t\t\t\t<\/div>\n\t\t\t\t<\/div>\n\t\t<div class=\"elementor-element elementor-element-f093eab e-con-full e-flex e-con e-child\" data-id=\"f093eab\" data-element_type=\"container\" data-e-type=\"container\">\n\t\t\t\t<div class=\"elementor-element elementor-element-673eaff elementor-widget elementor-widget-heading\" data-id=\"673eaff\" data-element_type=\"widget\" data-e-type=\"widget\" data-widget_type=\"heading.default\">\n\t\t\t\t\t<h4 class=\"elementor-heading-title elementor-size-default\">Acn\u00e9 qu\u00edstico<\/h4>\t\t\t\t<\/div>\n\t\t\t\t<div class=\"elementor-element elementor-element-6bdb736 elementor-widget elementor-widget-text-editor\" data-id=\"6bdb736\" data-element_type=\"widget\" data-e-type=\"widget\" data-widget_type=\"text-editor.default\">\n\t\t\t\t\t\t\t\t\t<p><span style=\"font-weight: 400;\">M\u00e1s profundo, doloroso y con mayor riesgo de cicatrices.<\/span><\/p>\t\t\t\t\t\t\t\t<\/div>\n\t\t\t\t<\/div>\n\t\t<div class=\"elementor-element elementor-element-b2e3c64 e-con-full e-flex e-con e-child\" data-id=\"b2e3c64\" data-element_type=\"container\" data-e-type=\"container\">\n\t\t\t\t<div class=\"elementor-element elementor-element-263770e elementor-widget elementor-widget-heading\" data-id=\"263770e\" data-element_type=\"widget\" data-e-type=\"widget\" data-widget_type=\"heading.default\">\n\t\t\t\t\t<h4 class=\"elementor-heading-title elementor-size-default\">Acn\u00e9 adulto<\/h4>\t\t\t\t<\/div>\n\t\t\t\t<div class=\"elementor-element elementor-element-aa7a1a6 elementor-widget elementor-widget-text-editor\" data-id=\"aa7a1a6\" data-element_type=\"widget\" data-e-type=\"widget\" data-widget_type=\"text-editor.default\">\n\t\t\t\t\t\t\t\t\t<p><span style=\"font-weight: 400;\">Persistente o de aparici\u00f3n tard\u00eda, com\u00fan despu\u00e9s de los 25 a\u00f1os.<\/span><\/p>\t\t\t\t\t\t\t\t<\/div>\n\t\t\t\t<\/div>\n\t\t\t\t\t<\/div>\n\t\t\t\t<\/div>\n\t\t<div class=\"elementor-element elementor-element-d8f39ab e-con-full e-flex e-con e-parent\" data-id=\"d8f39ab\" data-element_type=\"container\" data-e-type=\"container\">\n\t\t<div class=\"elementor-element elementor-element-93565e0 e-con-full e-flex e-con e-child\" data-id=\"93565e0\" data-element_type=\"container\" data-e-type=\"container\">\n\t\t\t\t<div class=\"elementor-element elementor-element-8b3458c elementor-widget elementor-widget-heading\" data-id=\"8b3458c\" data-element_type=\"widget\" data-e-type=\"widget\" data-widget_type=\"heading.default\">\n\t\t\t\t\t<h2 class=\"elementor-heading-title elementor-size-default\">Los posibles Tratamientos para el Acn\u00e9<\/h2>\t\t\t\t<\/div>\n\t\t\t\t<div class=\"elementor-element elementor-element-0328652 elementor-widget elementor-widget-text-editor\" data-id=\"0328652\" data-element_type=\"widget\" data-e-type=\"widget\" data-widget_type=\"text-editor.default\">\n\t\t\t\t\t\t\t\t\t<p><span style=\"font-weight: 400;\">El objetivo no es solo quitar los granos, sino evitar que regresen y mejorar la calidad de la piel.<\/span><\/p><p><span style=\"font-weight: 400;\">Dependiendo de tu caso, se pueden utilizar:<\/span><\/p><ul><li style=\"font-weight: 400;\" aria-level=\"1\"><b>Tratamientos dermatol\u00f3gicos t\u00f3picos y orales<\/b><span style=\"font-weight: 400;\"> para controlar brotes<\/span><\/li><li style=\"font-weight: 400;\" aria-level=\"1\"><b>Limpiezas faciales profundas<\/b><span style=\"font-weight: 400;\"> para desobstruir poros<\/span><\/li><li style=\"font-weight: 400;\" aria-level=\"1\"><b>Peelings qu\u00edmicos<\/b><span style=\"font-weight: 400;\"> para renovar la piel<\/span><\/li><li style=\"font-weight: 400;\" aria-level=\"1\"><b>Tecnolog\u00eda dermatol\u00f3gica<\/b><span style=\"font-weight: 400;\"> para mejorar textura, manchas y cicatrices<\/span><\/li><\/ul><p><span style=\"font-weight: 400;\">El enfoque es claro: controlar, reparar y mantener.<\/span><\/p>\t\t\t\t\t\t\t\t<\/div>\n\t\t\t\t<\/div>\n\t\t\t\t<\/div>\n\t\t<div class=\"elementor-element elementor-element-a2ee142 e-flex e-con-boxed e-con e-parent\" data-id=\"a2ee142\" data-element_type=\"container\" data-e-type=\"container\" data-settings=\"{&quot;background_background&quot;:&quot;classic&quot;}\">\n\t\t\t\t\t<div class=\"e-con-inner\">\n\t\t<div class=\"elementor-element elementor-element-bfc36ad e-con-full e-flex e-con e-child\" data-id=\"bfc36ad\" data-element_type=\"container\" data-e-type=\"container\">\n\t\t\t\t<div class=\"elementor-element elementor-element-c743b19 elementor-widget elementor-widget-heading\" data-id=\"c743b19\" data-element_type=\"widget\" data-e-type=\"widget\" data-widget_type=\"heading.default\">\n\t\t\t\t\t<h2 class=\"elementor-heading-title elementor-size-default\">La constancia es la mejor soluci\u00f3n<\/h2>\t\t\t\t<\/div>\n\t\t\t\t<div class=\"elementor-element elementor-element-987a3f4 elementor-widget elementor-widget-text-editor\" data-id=\"987a3f4\" data-element_type=\"widget\" data-e-type=\"widget\" data-widget_type=\"text-editor.default\">\n\t\t\t\t\t\t\t\t\t<p><span style=\"font-weight: 400;\">El acn\u00e9 mejora cuando hay un plan, no cuando hay improvisaci\u00f3n.<\/span><\/p><p><span style=\"font-weight: 400;\">Un diagn\u00f3stico adecuado permite:<\/span><\/p><ul><li style=\"font-weight: 400;\" aria-level=\"1\"><span style=\"font-weight: 400;\">Identificar el tipo de acn\u00e9<\/span><\/li><li style=\"font-weight: 400;\" aria-level=\"1\"><span style=\"font-weight: 400;\">Elegir el tratamiento correcto<\/span><\/li><li style=\"font-weight: 400;\" aria-level=\"1\"><span style=\"font-weight: 400;\">Prevenir marcas y cicatrices<\/span><\/li><\/ul><p><span style=\"font-weight: 400;\">Tu piel necesita seguimiento, no soluciones temporales.<\/span><\/p><p><b>Agenda tu consulta y empieza a tratar tu acn\u00e9 con un plan hecho para ti.<\/b><\/p>\t\t\t\t\t\t\t\t<\/div>\n\t\t\t\t<div class=\"elementor-element elementor-element-b068423 elementor-widget elementor-widget-button\" data-id=\"b068423\" data-element_type=\"widget\" data-e-type=\"widget\" data-widget_type=\"button.default\">\n\t\t\t\t\t\t\t\t\t\t<a class=\"elementor-button elementor-button-link elementor-size-sm\" href=\"https:\/\/epitelia.site.agendapro.com\/mx\" target=\"_blank\" rel=\"noopener\">\n\t\t\t\t\t\t<span class=\"elementor-button-content-wrapper\">\n\t\t\t\t\t\t\t\t\t<span class=\"elementor-button-text\">Agenda tu Consulta<\/span>\n\t\t\t\t\t<\/span>\n\t\t\t\t\t<\/a>\n\t\t\t\t\t\t\t\t<\/div>\n\t\t\t\t<\/div>\n\t\t<div class=\"elementor-element elementor-element-7f82da9 e-con-full e-flex e-con e-child\" data-id=\"7f82da9\" data-element_type=\"container\" data-e-type=\"container\">\n\t\t\t\t<div class=\"elementor-element elementor-element-3aabeeb elementor-widget elementor-widget-image\" data-id=\"3aabeeb\" data-element_type=\"widget\" data-e-type=\"widget\" data-widget_type=\"image.default\">\n\t\t\t\t\t\t\t\t\t\t\t\t\t\t\t<img decoding=\"async\" width=\"1024\" height=\"885\" src=\"https:\/\/www.epitelia.mx\/wp-content\/uploads\/2026\/04\/Consulta_Epitelia-1024x885.webp\" class=\"attachment-large size-large wp-image-1115\" alt=\"\" srcset=\"https:\/\/www.epitelia.mx\/wp-content\/uploads\/2026\/04\/Consulta_Epitelia-1024x885.webp 1024w, https:\/\/www.epitelia.mx\/wp-content\/uploads\/2026\/04\/Consulta_Epitelia-300x259.webp 300w, https:\/\/www.epitelia.mx\/wp-content\/uploads\/2026\/04\/Consulta_Epitelia-768x664.webp 768w, https:\/\/www.epitelia.mx\/wp-content\/uploads\/2026\/04\/Consulta_Epitelia-14x12.webp 14w, https:\/\/www.epitelia.mx\/wp-content\/uploads\/2026\/04\/Consulta_Epitelia.webp 1250w\" sizes=\"(max-width: 1024px) 100vw, 1024px\" \/>\t\t\t\t\t\t\t\t\t\t\t\t\t\t\t<\/div>\n\t\t\t\t<\/div>\n\t\t\t\t\t<\/div>\n\t\t\t\t<\/div>\n\t\t\t\t<\/div>","protected":false},"excerpt":{"rendered":"<p>Tratamientos de acn\u00e9: tu piel s\u00ed puede cambiar El acn\u00e9 no es solo una etapa, es una condici\u00f3n que puede afectar tu piel en cualquier momento de tu vida. Puede aparecer por hormonas, estr\u00e9s, gen\u00e9tica o incluso por usar productos que no son para ti. Pero aqu\u00ed est\u00e1 lo importante: el acn\u00e9 s\u00ed se puede [&hellip;]<\/p>\n","protected":false},"author":3,"featured_media":0,"parent":196,"menu_order":0,"comment_status":"closed","ping_status":"closed","template":"","meta":{"_acf_changed":false,"footnotes":""},"class_list":["post-956","page","type-page","status-publish","hentry"],"acf":[],"_links":{"self":[{"href":"https:\/\/www.epitelia.mx\/en\/wp-json\/wp\/v2\/pages\/956","targetHints":{"allow":["GET"]}}],"collection":[{"href":"https:\/\/www.epitelia.mx\/en\/wp-json\/wp\/v2\/pages"}],"about":[{"href":"https:\/\/www.epitelia.mx\/en\/wp-json\/wp\/v2\/types\/page"}],"author":[{"embeddable":true,"href":"https:\/\/www.epitelia.mx\/en\/wp-json\/wp\/v2\/users\/3"}],"replies":[{"embeddable":true,"href":"https:\/\/www.epitelia.mx\/en\/wp-json\/wp\/v2\/comments?post=956"}],"version-history":[{"count":10,"href":"https:\/\/www.epitelia.mx\/en\/wp-json\/wp\/v2\/pages\/956\/revisions"}],"predecessor-version":[{"id":1259,"href":"https:\/\/www.epitelia.mx\/en\/wp-json\/wp\/v2\/pages\/956\/revisions\/1259"}],"up":[{"embeddable":true,"href":"https:\/\/www.epitelia.mx\/en\/wp-json\/wp\/v2\/pages\/196"}],"wp:attachment":[{"href":"https:\/\/www.epitelia.mx\/en\/wp-json\/wp\/v2\/media?parent=956"}],"curies":[{"name":"wp","href":"https:\/\/api.w.org\/{rel}","templated":true}]}}